{"id":24925,"date":"2021-09-02T12:45:30","date_gmt":"2021-09-02T12:50:41","guid":{"rendered":"https:\/\/evotek.md\/?post_type=product&#038;p=24925"},"modified":"2023-01-17T13:10:54","modified_gmt":"2023-01-17T13:10:54","slug":"plita-electrica-pe-6kr-%d0%bf%d0%b5-6%d0%ba%d1%80","status":"publish","type":"product","link":"https:\/\/evotek.md\/ro\/produse\/echipamente-termice\/plite-electrice\/plita-electrica-pe-6kr-%d0%bf%d0%b5-6%d0%ba%d1%80\/","title":{"rendered":"PLITA ELECTRICA CU 6 ARZATOARE -PE-6KR (\u041f\u0415-6\u041a\u0420)"},"content":{"rendered":"<p><strong>PLITA ELECTRICA CU 6 ARZATOARE -PE-6KR (\u041f\u0415-6\u041a\u0420)-<\/strong> plita electric\u0103 cu 6 arz\u0103toare este conceput\u0103 pentru prepararea bucatelor la unit\u0103\u021bile de alimenta\u021bie public\u0103, cantine, cafenele, restaurante.<\/p>\n<p>Particularit\u0103\u021bi:<br \/>\n-Arzatoarele sunt echipate cu protec\u021bie la supra\u00eenc\u0103lzire, care garanteaz\u0103 o durat\u0103 lung\u0103 de via\u021b\u0103.<br \/>\n-Toate arz\u0103toarele sunt \u00eenchise ermetic \u00een panourile superioare de lucru, ceea ce exclude p\u0103trunderea lichidului \u00een interiorul aragazului electric.<br \/>\n-Instalarea electric\u0103 a pl\u0103cii industriale PE-6KR se face cu un fir cu izola\u021bie termorezistent\u0103.<br \/>\n-Picioarele-suporturile pl\u0103cii sunt reglabile \u00een \u00een\u0103l\u021bime.<br \/>\n-Suprafa\u021ba superioar\u0103 este realizat\u0103 dintr-o foaie inoxidabil\u0103 solid\u0103 sub forma unui panou \u00eencastrat cu un num\u0103r minim de \u00eembin\u0103ri<\/p>\n<p>Caracteristici<\/p>\n<p>Instalare: de podea<br \/>\nNum\u0103r de arz\u0103toare: 6<br \/>\nTip arz\u0103toare: rotunde<br \/>\nDimensiunea plitei: d 235 mm<br \/>\nTensiune: 380V<br \/>\nPutere: 15,5 kW<br \/>\nDimensiuni: 970x775x850 mm<br \/>\nGreutate: 150 kg<\/p>\n","protected":false},"excerpt":{"rendered":"<p>Plit\u0103 electric\u0103. Instalare: de podea; Num\u0103r de arz\u0103toare: 6; Tip arz\u0103toare: rotunde; Dimensiunea plitei: d 235 mm; Tensiune: 380V; Putere: 15,5 kW; Dimensiuni: 970x775x850 mm; Greutate: 150 kg.<\/p>\n","protected":false},"featured_media":24924,"template":"","meta":[],"_links":{"self":[{"href":"https:\/\/evotek.md\/ro\/wp-json\/wp\/v2\/product\/24925"}],"collection":[{"href":"https:\/\/evotek.md\/ro\/wp-json\/wp\/v2\/product"}],"about":[{"href":"https:\/\/evotek.md\/ro\/wp-json\/wp\/v2\/types\/product"}],"wp:featuredmedia":[{"embeddable":true,"href":"https:\/\/evotek.md\/ro\/wp-json\/wp\/v2\/media\/24924"}],"wp:attachment":[{"href":"https:\/\/evotek.md\/ro\/wp-json\/wp\/v2\/media?parent=24925"}],"curies":[{"name":"wp","href":"https:\/\/api.w.org\/{rel}","templated":true}]}}