{"id":24921,"date":"2021-09-02T12:25:08","date_gmt":"2021-09-02T12:39:08","guid":{"rendered":"https:\/\/evotek.md\/?post_type=product&#038;p=24921"},"modified":"2023-01-17T13:21:14","modified_gmt":"2023-01-17T13:21:14","slug":"plita-electrica-cu-cuptor-ped-4kr-%d0%bf%d0%b5%d0%b4-4%d0%ba%d1%80","status":"publish","type":"product","link":"https:\/\/evotek.md\/ro\/produse\/echipamente-termice\/plite-electrice\/plita-electrica-cu-cuptor-ped-4kr-%d0%bf%d0%b5%d0%b4-4%d0%ba%d1%80\/","title":{"rendered":"PLITA ELECTRICA CU 4 ARZATOARE SI CUPTOR -PED-4KR (\u041f\u0415\u0414-4\u041a\u0420)"},"content":{"rendered":"<div><strong>PLITA ELECTRICA CU 4 ARZATOARE SI CUPTOR -PED-4KR (\u041f\u0415\u0414-4\u041a\u0420)<\/strong> &#8211; plit\u0103 electric\u0103 cu 4 arz\u0103toare cu cuptor este, conceput\u0103 pentru prepararea bucatelor la unit\u0103\u021bile de alimenta\u021bie public\u0103, cantine, cafenele, restaurante.<\/div>\n<div><\/div>\n<div>Particularit\u0103\u021bi:<\/div>\n<div>-Arz\u0103toarele sunt echipate cu protec\u021bie la supra\u00eenc\u0103lzire, care garanteaz\u0103 o durabilitate \u00eenalt\u0103.<\/div>\n<div>-Toate arz\u0103toarele sunt \u00eenchise ermetic \u00een panourile superioare de lucru, ceea ce exclude p\u0103trunderea lichidului \u00een interiorul aragazului electric.<\/div>\n<div>-Puterea elementelor de \u00eenc\u0103lzire superioare \u0219i inferioare ale cuptorului este reglat\u0103 separat.<\/div>\n<div>-Instalarea electric\u0103 a pl\u0103cii industriale PED-4KR este realizat\u0103 cu un fir cu izola\u021bie termorezistent\u0103.<\/div>\n<div>-Picioarele-suporturile pl\u0103cii sunt reglabile \u00een \u00een\u0103l\u021bime.<\/div>\n<div>-Suprafa\u021ba superioar\u0103 este realizat\u0103 dintr-o foaie solid\u0103 de inox sub forma unui panou \u00eencastrat cu un num\u0103r minim de \u00eembin\u0103ri.<\/div>\n<div><\/div>\n<div>Caracteristici<\/div>\n<div>Instalare: de podea<\/div>\n<div>Num\u0103rul de arz\u0103toare: 4<\/div>\n<div>Tip arz\u0103toare: rotunde<\/div>\n<div>Dimensiunea arz\u0103toarelor: d 235 mm.<\/div>\n<div>Dimensiunea t\u0103vii: 530\u0445490\u044540 sau GN 1\/1<\/div>\n<div>Temperatura cuptorului: +50 &#8211; +300 \u0421<\/div>\n<div>Putere cuptor: 4,8 kW<\/div>\n<div>Tensiune: 380V<\/div>\n<div>Putere: 15,6 kW<\/div>\n<div>Dimensiuni: 830x680x850 mm<\/div>\n<div>Greutate: 87 kg<\/div>\n","protected":false},"excerpt":{"rendered":"<p>Plit\u0103 electric\u0103 cu cuptor. Instalare: de podea; Num\u0103rul de arz\u0103toare: 4; Tip arz\u0103toare: rotunde; Dimensiunea arz\u0103toarelor: d 235 mm; Dimensiunea t\u0103vii: 530\u0445490\u044540 sau GN 1\/1; Temperatura cuptorului: +50 &#8211; +300 \u0421; Putere cuptor: 4,8 kW; Tensiune: 380V; Putere: 15,6 kW; Dimensiuni: 830x680x850 mm; Greutate: 87 kg.<\/p>\n","protected":false},"featured_media":24918,"template":"","meta":[],"_links":{"self":[{"href":"https:\/\/evotek.md\/ro\/wp-json\/wp\/v2\/product\/24921"}],"collection":[{"href":"https:\/\/evotek.md\/ro\/wp-json\/wp\/v2\/product"}],"about":[{"href":"https:\/\/evotek.md\/ro\/wp-json\/wp\/v2\/types\/product"}],"wp:featuredmedia":[{"embeddable":true,"href":"https:\/\/evotek.md\/ro\/wp-json\/wp\/v2\/media\/24918"}],"wp:attachment":[{"href":"https:\/\/evotek.md\/ro\/wp-json\/wp\/v2\/media?parent=24921"}],"curies":[{"name":"wp","href":"https:\/\/api.w.org\/{rel}","templated":true}]}}