{"id":24914,"date":"2021-09-02T11:50:05","date_gmt":"2021-09-02T12:02:26","guid":{"rendered":"https:\/\/evotek.md\/?post_type=product&#038;p=24914"},"modified":"2023-01-17T13:09:37","modified_gmt":"2023-01-17T13:09:37","slug":"plita-electrica-pe-4kr-4-%d0%bf%d0%b5-4%d0%ba%d1%80","status":"publish","type":"product","link":"https:\/\/evotek.md\/ro\/produse\/echipamente-termice\/plite-electrice\/plita-electrica-pe-4kr-4-%d0%bf%d0%b5-4%d0%ba%d1%80\/","title":{"rendered":"PLITA ELECTRICA CU 4 ARZATOARE -PE-4KR (\u041f\u0415-4\u041a\u0420)"},"content":{"rendered":"<div><strong>PLITA ELECTRICA CU 4 ARZATOARE -PE-4KR (\u041f\u0415-4\u041a\u0420)-<\/strong> Plit\u0103 electric\u0103 proiectat\u0103 pentru prepararea bucatelor \u00een unit\u0103\u021bi de alimenta\u021bie public\u0103, cantine, cafenele, restaurante.<\/div>\n<div>Particularit\u0103\u021bi:<\/div>\n<div>-Arzatoarele sunt echipate cu protec\u021bie la supra\u00eenc\u0103lzire, care garanteaz\u0103 o durat\u0103 lung\u0103 de via\u021b\u0103.<\/div>\n<div>-Toate arz\u0103toarele sunt \u00eenchise ermetic \u00een panourile superioare de lucru, ceea ce exclude p\u0103trunderea lichidului \u00een interiorul aragazului electric.<\/div>\n<div>-Instalarea electric\u0103 a pl\u0103cii industriale PE-4KR se face cu un fir cu izola\u021bie termorezistent\u0103.<\/div>\n<div>-Picioarele-suporturile pl\u0103cii sunt reglabile \u00een \u00een\u0103l\u021bime.<\/div>\n<div>-Suprafa\u021ba superioar\u0103 este realizat\u0103 dintr-o foaie solid\u0103 din inox sub forma unui panou \u00eencastrat cu un num\u0103r minim de \u00eembin\u0103ri.<\/div>\n<div><\/div>\n<div>Caracteristici<\/div>\n<div>Instalare: de podea<\/div>\n<div>Num\u0103r de arz\u0103toare: 4<\/div>\n<div>Tip arz\u0103toare: rotunde<\/div>\n<div>Dimensiunea plitei: d 235 mm<\/div>\n<div>Tensiune: 380V<\/div>\n<div>Putere: 10,4 kW<\/div>\n<div>Dimensiuni: 830x680x850 mm<\/div>\n<div>Greutate: 47 kg<\/div>\n<div><\/div>\n","protected":false},"excerpt":{"rendered":"<p>Plit\u0103 electric\u0103. Instalare: de podea; Num\u0103r de arz\u0103toare: 4; Tip arz\u0103toare: rotunde; Dimensiunea plitei: d 235 mm; Tensiune: 380V; Putere: 10,4 kW; Dimensiuni: 830x680x850 mm; Greutate: 47 kg.<\/p>\n<div><\/div>\n","protected":false},"featured_media":24913,"template":"","meta":[],"_links":{"self":[{"href":"https:\/\/evotek.md\/ro\/wp-json\/wp\/v2\/product\/24914"}],"collection":[{"href":"https:\/\/evotek.md\/ro\/wp-json\/wp\/v2\/product"}],"about":[{"href":"https:\/\/evotek.md\/ro\/wp-json\/wp\/v2\/types\/product"}],"wp:featuredmedia":[{"embeddable":true,"href":"https:\/\/evotek.md\/ro\/wp-json\/wp\/v2\/media\/24913"}],"wp:attachment":[{"href":"https:\/\/evotek.md\/ro\/wp-json\/wp\/v2\/media?parent=24914"}],"curies":[{"name":"wp","href":"https:\/\/api.w.org\/{rel}","templated":true}]}}