{"id":24910,"date":"2021-09-01T14:13:43","date_gmt":"2021-09-01T14:21:20","guid":{"rendered":"https:\/\/evotek.md\/?post_type=product&#038;p=24910"},"modified":"2023-02-21T09:44:15","modified_gmt":"2023-02-21T09:44:15","slug":"suprafata-electrica-de-prajire-r87","status":"publish","type":"product","link":"https:\/\/evotek.md\/ro\/produse\/echipamente-termice\/suprafete-de-prajire\/suprafata-electrica-de-prajire-r87\/","title":{"rendered":"SUPRAFATA DE PRAJIT ELECTRICA, NETEDA+RIFLATA, DIN FONTA -REMTA-R87"},"content":{"rendered":"<p><strong>SUPRAFATA DE PRAJIT ELECTRICA, NETEDA+RIFLATA, DIN FONTA -REMTA-R87-<\/strong> Suprafa\u021b\u0103 electric\u0103 de pr\u0103jire. Amplasare: de mas\u0103. Materialul suprafe\u021bei pentru pr\u0103jire: font\u0103. Tipul suprafe\u021bei: combinat (riflat + neted). Dimensiunea suprafe\u021bei: 450&#215;390 mm. Colector de gr\u0103simi deta\u0219abil. Indicator de pornire.<\/p>\n<p>Caracteristici<\/p>\n<p>Dimensiuni: 510x500x260 mm<\/p>\n<p>Temperatura: 50 &#8230; 300\u0421<\/p>\n<p>Greutate: 22,5 kg<\/p>\n<p>Putere: 2 kW<\/p>\n","protected":false},"excerpt":{"rendered":"<p>Suprafa\u021b\u0103 electric\u0103 de pr\u0103jire. Dimensiuni: 510x500x260 mm; Temperatura: 50 &#8230; 300\u0421; Greutate: 22,5 kg; Putere: 2 kW.<\/p>\n","protected":false},"featured_media":24908,"template":"","meta":[],"_links":{"self":[{"href":"https:\/\/evotek.md\/ro\/wp-json\/wp\/v2\/product\/24910"}],"collection":[{"href":"https:\/\/evotek.md\/ro\/wp-json\/wp\/v2\/product"}],"about":[{"href":"https:\/\/evotek.md\/ro\/wp-json\/wp\/v2\/types\/product"}],"wp:featuredmedia":[{"embeddable":true,"href":"https:\/\/evotek.md\/ro\/wp-json\/wp\/v2\/media\/24908"}],"wp:attachment":[{"href":"https:\/\/evotek.md\/ro\/wp-json\/wp\/v2\/media?parent=24910"}],"curies":[{"name":"wp","href":"https:\/\/api.w.org\/{rel}","templated":true}]}}