{"id":2487,"date":"2020-02-19T12:59:39","date_gmt":"2020-02-19T12:59:39","guid":{"rendered":"https:\/\/evotek.md\/?post_type=product&#038;p=2487"},"modified":"2023-01-17T13:11:48","modified_gmt":"2023-01-17T13:11:48","slug":"plita-electrica-profesionala-ped-2","status":"publish","type":"product","link":"https:\/\/evotek.md\/ro\/produse\/echipamente-termice\/plite-electrice\/plita-electrica-profesionala-ped-2\/","title":{"rendered":"PLITA ELECTRICA CU 2 ARZATOARE SI CUPTOR -PED-2V"},"content":{"rendered":"<div><strong>PLITA ELECTRICA CU 2 ARZATOARE SI CUPTOR -PED-2V-<\/strong> Plita electric\u0103 profesional\u0103 cu 2 arz\u0103toare \u0219i cuptor, folosit\u0103 pentru restaurante, cafenele \u0219i alte unit\u0103\u021bi de alimenta\u021bie public\u0103. Mi\u0219care comod\u0103 a vaselor de orice dimensiune pe toat\u0103 suprafa\u021ba plitei.<\/div>\n<div>Arz\u0103toarele sunt din font\u0103, ceea ce asigura o distribu\u021bie uniform\u0103 a temperaturii.<\/div>\n<div>Blatul este realizat f\u0103r\u0103 cus\u0103turi, ceea ce faciliteaz\u0103 igienizarea suprafe\u021bei.<\/div>\n<div>Aragazul este completat cu dou\u0103 t\u0103vi de copt din metal carbon.<\/div>\n<div>Designul cuptorului asigur\u0103 o distribu\u021bie uniform\u0103 a temperaturii, ceea ce garanteaz\u0103 o coacere uniform\u0103.<\/div>\n<div>Reglarea separat\u0103 a elementelor de \u00eenc\u0103lzire superioare \u0219i inferioare ale cuptorului.<\/div>\n<div>Elementele de \u00eenc\u0103lzire din o\u021bel inoxidabil le prelungesc semnificativ durata de via\u021b\u0103.<\/div>\n<div>Cuptorul asigur\u0103 reglarea separat\u0103 a elementelor de \u00eenc\u0103lzire superioare \u0219i inferioare.<\/div>\n<div>Cuptorul este echipat cu dou\u0103 t\u0103vi metalice carbon.<\/div>\n<div>Plita electric\u0103 este furnizat\u0103 cu un cablu de conectare trifazat.<\/div>\n<div><\/div>\n<div>Caracteristici<\/div>\n<div>Tensiune: 380 V<\/div>\n<div>Putere: 9,6 kW<\/div>\n<div>Num\u0103r arz\u0103toare: 2 buc.<\/div>\n<div>Dimensiunile unui arz\u0103tor: 415&#215;295 mm<\/div>\n<div>Puterea arz\u0103torului: 3 kW<\/div>\n<div>Num\u0103r t\u0103vi: 1 buc.<\/div>\n<div>Dimensiuni tav\u0103: 527&#215;325 (G 1 * 1) mm<\/div>\n<div>Interval de control al temperaturii: + 50 &#8230; + 300 \u2103<\/div>\n<div>Dimensiuni interioare cuptor (l\/l\/a): 434x565x338 mm<\/div>\n<div>Dimensiuni totale (l\/l\/a): 560x700x850 mm<\/div>\n<div>Greutate: 98 kg<\/div>\n<p>&nbsp;<\/p>\n","protected":false},"excerpt":{"rendered":"<p>Plit\u0103 electric\u0103 profesional\u0103 cu 2 arz\u0103toare \u0219i cuptor. Tensiune: 380 V; Putere: 9,6 kW; Num\u0103r arz\u0103toare: 2 buc.; Dimensiunile unui arz\u0103tor: 415&#215;295 mm; Puterea arz\u0103torului: 3 kW; Num\u0103r t\u0103vi: 1 buc.; Dimensiuni tav\u0103: 527&#215;325 (G 1 * 1) mm; Interval de control al temperaturii: + 50 &#8230; + 300 \u2103; Dimensiuni interioare cuptor (l\/l\/a): 434x565x338 mm; Dimensiuni totale (l\/l\/a): 560x700x850 mm; Greutate: 98 kg.<\/p>\n","protected":false},"featured_media":26115,"template":"","meta":[],"_links":{"self":[{"href":"https:\/\/evotek.md\/ro\/wp-json\/wp\/v2\/product\/2487"}],"collection":[{"href":"https:\/\/evotek.md\/ro\/wp-json\/wp\/v2\/product"}],"about":[{"href":"https:\/\/evotek.md\/ro\/wp-json\/wp\/v2\/types\/product"}],"wp:featuredmedia":[{"embeddable":true,"href":"https:\/\/evotek.md\/ro\/wp-json\/wp\/v2\/media\/26115"}],"wp:attachment":[{"href":"https:\/\/evotek.md\/ro\/wp-json\/wp\/v2\/media?parent=2487"}],"curies":[{"name":"wp","href":"https:\/\/api.w.org\/{rel}","templated":true}]}}