{"id":2485,"date":"2020-02-19T12:47:02","date_gmt":"2020-02-19T12:48:33","guid":{"rendered":"https:\/\/evotek.md\/?post_type=product&#038;p=2485"},"modified":"2025-09-04T11:16:56","modified_gmt":"2025-09-04T11:16:56","slug":"masina-de-tocat-carne-hkn-12ss","status":"publish","type":"product","link":"https:\/\/evotek.md\/ro\/produse\/echipamente-electromecanice\/masina-de-tocat-carne\/masina-de-tocat-carne-hkn-12ss\/","title":{"rendered":"MA\u0218IN\u0102 DE TOCAT CARNE 160 kg\/h -HKN-12SS"},"content":{"rendered":"<p><strong>MA\u0218IN\u0102 DE TOCAT CARNE 160 kg\/h &#8211;<\/strong> <strong>HKN-12SS- <\/strong>folosit\u0103 \u00een buc\u0103t\u0103riile profesionale de orice format pentru tocarea rapid\u0103 \u0219i de \u00eenalt\u0103 calitate a c\u0103rnii de pas\u0103re \u0219i pe\u0219te. Carcasa, tava pentru produsele din carne \u0219i toc\u0103torul de carne sunt din inox. Toc\u0103torul are instrument de t\u0103iere standard (cu\u021bit, gr\u0103tar). Sunt incluse \u00een pachet: tav\u0103 de \u00eenc\u0103rcare, \u00eemping\u0103tor, 2 cu\u021bite \u0219i 2 z\u0103brele.<\/p>\n<p>Caracteristici<br \/>\nProductivitate: 160 kg\/or\u0103<br \/>\nTip instalare: de mas\u0103<br \/>\nTensiune: 220 V<br \/>\nPutere: 0,75 kW<br \/>\nEchipat cu functia revers<br \/>\n\u00cemping\u0103tor: da<br \/>\nMaterial carcasa: o\u021bel inoxidabil<br \/>\nMaterial tav\u0103: o\u021bel inoxidabil<br \/>\nR\u0103cire: nu<br \/>\nLungime: 390 mm<br \/>\nL\u0103\u021bime: 190 mm<br \/>\n\u00cen\u0103l\u021bime: 410 mm<br \/>\nGreutate net\u0103: 24,5 kg<br \/>\nGreutate brut\u0103: 27 kg<br \/>\nDimensiuni \u00een ambalaj: 400x230x420 mm<br \/>\nInclude 2 cu\u021bite \u0219i 2 grile (6 mm, 8 mm)<\/p>\n<p>&nbsp;<\/p>\n<p>&nbsp;<\/p>\n","protected":false},"excerpt":{"rendered":"<p>Ma\u0219in\u0103 de tocat carne. Productivitate: 160 kg\/or\u0103; Tip instalare: de mas\u0103; Tensiune: 220 V; Putere: 0,75 kW; Echipat cu functia revers; \u00cemping\u0103tor: da; Material carcasa: o\u021bel inoxidabil; Material tav\u0103: o\u021bel inoxidabil; R\u0103cire: nu; Lungime: 390 mm; L\u0103\u021bime: 190 mm; \u00cen\u0103l\u021bime: 410 mm; Greutate net\u0103: 24,5 kg; Greutate brut\u0103: 27 kg; Dimensiuni \u00een ambalaj: 400x230x420 mm; Include 2 cu\u021bite \u0219i 2 grile (6 mm, 8 mm).<\/p>\n<p>&nbsp;<\/p>\n","protected":false},"featured_media":2484,"template":"","meta":[],"_links":{"self":[{"href":"https:\/\/evotek.md\/ro\/wp-json\/wp\/v2\/product\/2485"}],"collection":[{"href":"https:\/\/evotek.md\/ro\/wp-json\/wp\/v2\/product"}],"about":[{"href":"https:\/\/evotek.md\/ro\/wp-json\/wp\/v2\/types\/product"}],"wp:featuredmedia":[{"embeddable":true,"href":"https:\/\/evotek.md\/ro\/wp-json\/wp\/v2\/media\/2484"}],"wp:attachment":[{"href":"https:\/\/evotek.md\/ro\/wp-json\/wp\/v2\/media?parent=2485"}],"curies":[{"name":"wp","href":"https:\/\/api.w.org\/{rel}","templated":true}]}}