{"id":24842,"date":"2021-08-20T09:15:55","date_gmt":"2021-08-20T09:16:53","guid":{"rendered":"https:\/\/evotek.md\/?post_type=product&#038;p=24842"},"modified":"2023-03-06T12:27:03","modified_gmt":"2023-03-06T12:27:03","slug":"masa-frigorifica-cu-roti-553-l-hkn-gn4tn","status":"publish","type":"product","link":"https:\/\/evotek.md\/ro\/produse\/echipamente-frigorifice\/masa-frigider\/masa-frigorifica-cu-roti-553-l-hkn-gn4tn\/","title":{"rendered":"MASA FRIGORIFICA, 4 USI, 553 LITRI -HKN-GN4TN"},"content":{"rendered":"<p><strong>MASA FRIGORIFICA, 4 USI, 553 LITRI -HKN-GN4TN-<\/strong> Se utilizeaz\u0103 pentru r\u0103cirea \u0219i depozitarea alimentelor \u00een restaurante, baruri, cafenele, pizzerii, cantine, zone de v\u00e2nzare \u0219i \u00een spa\u021bii cu cerin\u021be sanitare sporite. Principala caracteristic\u0103 a meselor frigorifice este caracterul practic. Un dispozitiv combin\u0103 func\u021bionalitatea a dou\u0103 elemente indispensabile ale oric\u0103rei produc\u021bii alimentare &#8211; o suprafa\u021b\u0103 de lucru \u0219i un volum refrigerat. Masa frigorific\u0103 este fabricat\u0103 \u00een conformitate cu cerin\u021bele stricte ale reglement\u0103rilor \u0219i standardelor stabilite de autorit\u0103\u021bile interna\u021bionale, independente \u0219i federale.<\/p>\n<p>Caracteristici<br \/>\nVolum &#8211; 553 litri<br \/>\nGama de temperatur\u0103 a mesei de la -2 la + 8 \u00b0\u0421<br \/>\nParametri: 2230x700x650 mm<br \/>\nPutere 0,35 kW<br \/>\nAgent frigorific R290<br \/>\nMas\u0103 de lucru din inox f\u0103r\u0103 bordur<br \/>\n4 u\u0219i<br \/>\nGreutate net\u0103: 135 kg<\/p>\n<p>&nbsp;<\/p>\n","protected":false},"excerpt":{"rendered":"<p>Mas\u0103 frigorific\u0103 cu ro\u021bi cu volumul de 553 litri. Gama de temperatur\u0103 a mesei de la -2 la + 8 \u00b0\u0421; Parametri: 2230x700x650 mm; Putere 0,35 Kw; Agent frigorific R290; Mas\u0103 de lucru din inox f\u0103r\u0103 bordur; 4 u\u0219i; Greutate net\u0103: 135 kg.<\/p>\n","protected":false},"featured_media":24841,"template":"","meta":[],"_links":{"self":[{"href":"https:\/\/evotek.md\/ro\/wp-json\/wp\/v2\/product\/24842"}],"collection":[{"href":"https:\/\/evotek.md\/ro\/wp-json\/wp\/v2\/product"}],"about":[{"href":"https:\/\/evotek.md\/ro\/wp-json\/wp\/v2\/types\/product"}],"wp:featuredmedia":[{"embeddable":true,"href":"https:\/\/evotek.md\/ro\/wp-json\/wp\/v2\/media\/24841"}],"wp:attachment":[{"href":"https:\/\/evotek.md\/ro\/wp-json\/wp\/v2\/media?parent=24842"}],"curies":[{"name":"wp","href":"https:\/\/api.w.org\/{rel}","templated":true}]}}