{"id":24837,"date":"2021-08-20T08:45:36","date_gmt":"2021-08-20T08:46:11","guid":{"rendered":"https:\/\/evotek.md\/?post_type=product&#038;p=24837"},"modified":"2023-03-06T12:52:17","modified_gmt":"2023-03-06T12:52:17","slug":"masa-frigorifica-320-l-hkn-prc2gn-g","status":"publish","type":"product","link":"https:\/\/evotek.md\/ro\/produse\/echipamente-frigorifice\/masa-frigider\/masa-frigorifica-320-l-hkn-prc2gn-g\/","title":{"rendered":"MASA FRIGORIFICA CU BORDUR LA PERETE, 2 USI, 320 LITRI -HKN-PRC2GN-G"},"content":{"rendered":"<p><strong>MASA FRIGORIFICA CU BORDUR LA PERETE, 2 USI, 320 LITRI -HKN-PRC2GN-G-<\/strong> Masa frigorific\u0103 cu temperatur\u0103 medie cu u\u0219i fixe func\u021bioneaz\u0103 la temperaturi ambientale de p\u00e2n\u0103 la 43 \u00b0 C. Gama de temperatur\u0103 de func\u021bionare de la -2 la +10 \u00b0 C. Sistemul de r\u0103cire dinamic\u0103 garanteaz\u0103 o r\u0103cire uniform\u0103 a alimentelor. Toate elementele sistemului frigorific sunt scoase din spa\u021biul frigorific. Unitatea frigorific\u0103 pe dou\u0103 nivele este amplasat\u0103 \u00eentr-un compartiment \u00eengust \u0219i se extinde complet pentru a fi u\u0219or de \u00eentre\u021binut. Tabelele sunt conforme cu clasa de protec\u021bie IP24 pentru aparatele electrice. Materialul carcasei interioare \u0219i exterioare este din inox. Grosimea peretelui carcasei 43 mm, agent frigorific R134a. U\u0219ile cu izola\u021bie termic\u0103 cu spum\u0103 poliuretanice sunt fabricate din inox. Decongelare automat\u0103 cu sistem de evaporare a condensului.<\/p>\n<p>Caracteristici<br \/>\nVolum &#8211; 320 L<br \/>\nParametri: 1200x705x850 \/ 910 mm<br \/>\nNum\u0103r u\u0219i: 2 buc<br \/>\n\u00cen\u0103l\u021bimea pl\u0103cii: 60 mm<br \/>\nGN 1\/1 standard gastronorm<br \/>\nPutere: 0,35 kW<br \/>\nGreutate net\u0103: 130 kg<\/p>\n<p>&nbsp;<\/p>\n","protected":false},"excerpt":{"rendered":"<p>Mas\u0103 frigorific\u0103 cu capacitatea de 320 litri. Parametri: 1200x705x850 \/ 910 mm; Num\u0103r u\u0219i: 2 buc; \u00cen\u0103l\u021bimea pl\u0103cii: 60 mm; GN 1\/1 standard gastronorm; Putere: 0,35 kW; Greutate net\u0103: 130 kg.<\/p>\n","protected":false},"featured_media":24836,"template":"","meta":[],"_links":{"self":[{"href":"https:\/\/evotek.md\/ro\/wp-json\/wp\/v2\/product\/24837"}],"collection":[{"href":"https:\/\/evotek.md\/ro\/wp-json\/wp\/v2\/product"}],"about":[{"href":"https:\/\/evotek.md\/ro\/wp-json\/wp\/v2\/types\/product"}],"wp:featuredmedia":[{"embeddable":true,"href":"https:\/\/evotek.md\/ro\/wp-json\/wp\/v2\/media\/24836"}],"wp:attachment":[{"href":"https:\/\/evotek.md\/ro\/wp-json\/wp\/v2\/media?parent=24837"}],"curies":[{"name":"wp","href":"https:\/\/api.w.org\/{rel}","templated":true}]}}