{"id":24832,"date":"2021-08-20T08:13:45","date_gmt":"2021-08-20T08:13:45","guid":{"rendered":"https:\/\/evotek.md\/?post_type=product&#038;p=24832"},"modified":"2021-08-20T08:13:45","modified_gmt":"2021-08-20T08:13:45","slug":"aparat-pentru-racirea-paharelor-hkn-gf1000","status":"publish","type":"product","link":"https:\/\/evotek.md\/ro\/produse\/echipamente-frigorifice\/aparat-pentru-racirea-paharelor\/aparat-pentru-racirea-paharelor-hkn-gf1000\/","title":{"rendered":"APARAT PENTRU R\u0102CIREA PAHARELOR -HKN-GF1000"},"content":{"rendered":"<p><strong>APARAT PENTRU R\u0102CIREA PAHARELOR -HKN-GF1000<\/strong>&#8211; Dispozitivul este destinat utiliz\u0103rii \u00een unit\u0103\u021bile de alimenta\u021bie public\u0103 \u0219i comer\u021b pentru r\u0103cirea \u0219i decorarea paharelor, c\u0103nilor \u0219i a altor ustensile \u00eenainte de a le servi oaspe\u021bilor. Dispozitivul v\u0103 permite s\u0103 \u00eenghe\u021ba\u021bi paharul \u00een c\u00e2teva secunde, acoperindu-l cu cel mai sub\u021bire strat de ghea\u021b\u0103. Ghea\u021ba aplicat\u0103 pe pere\u021bii vaselor se evapor\u0103 foarte \u00eencet, f\u0103r\u0103 a dilua b\u0103utura cu ap\u0103 \u0219i f\u0103r\u0103 a-i afecta gustul \u0219i aroma.<\/p>\n<p>Caracteristici<br \/>\nDimensiuni totale: 130x270x410 mm<br \/>\nAre iluminare<br \/>\nMaterialul carcasei: inox<br \/>\nConexiune: butelie CO2<\/p>\n<p>&nbsp;<\/p>\n","protected":false},"excerpt":{"rendered":"<p>Aparat pentru r\u0103cirea paharelor. Dimensiuni totale: 130x270x410 mm; Are iluminare; Materialul carcasei: inox; Conexiune: butelie CO2.<\/p>\n","protected":false},"featured_media":24831,"template":"","meta":[],"_links":{"self":[{"href":"https:\/\/evotek.md\/ro\/wp-json\/wp\/v2\/product\/24832"}],"collection":[{"href":"https:\/\/evotek.md\/ro\/wp-json\/wp\/v2\/product"}],"about":[{"href":"https:\/\/evotek.md\/ro\/wp-json\/wp\/v2\/types\/product"}],"wp:featuredmedia":[{"embeddable":true,"href":"https:\/\/evotek.md\/ro\/wp-json\/wp\/v2\/media\/24831"}],"wp:attachment":[{"href":"https:\/\/evotek.md\/ro\/wp-json\/wp\/v2\/media?parent=24832"}],"curies":[{"name":"wp","href":"https:\/\/api.w.org\/{rel}","templated":true}]}}