{"id":24825,"date":"2021-08-19T11:14:22","date_gmt":"2021-08-19T11:14:22","guid":{"rendered":"https:\/\/evotek.md\/?post_type=product&#038;p=24825"},"modified":"2021-08-19T11:14:22","modified_gmt":"2021-08-19T11:14:22","slug":"congelator-cu-soc-termic-hkn-bcf10","status":"publish","type":"product","link":"https:\/\/evotek.md\/ro\/produse\/echipamente-frigorifice\/congelator-cu-soc-termic\/congelator-cu-soc-termic-hkn-bcf10\/","title":{"rendered":"CONGELATOR CU \u0218OC TERMIC -HKN-BCF10"},"content":{"rendered":"<p><strong>CONGELATOR CU \u0218OC TERMIC -HKN-BCF10<\/strong>&#8211; Un dulap cu \u0219oc termic este utilizat \u00een unit\u0103\u021bile de alimenta\u021bie public\u0103 \u0219i comer\u021b pentru r\u0103cirea \u0219i congelarea rapid\u0103 a diferitelor produse tratate termic, p\u0103str\u00e2nd \u00een acela\u0219i timp propriet\u0103\u021bile sale originale. Echipamentul func\u021bioneaz\u0103 pe agent frigorific R404a.<br \/>\nParticularit\u0103\u021bi:<br \/>\n-Tipul de racire: ventilatie<br \/>\n-Dezghe\u021bare cu gaz fierbinte<br \/>\n-Evaporare automat\u0103 a apei<br \/>\n-Compresor: EMBRACO J2212GK<br \/>\n-Controler: Dixell XB590L<br \/>\n&#8211; Func\u021bionare la temperaturi ambientale de p\u00e2n\u0103 la 38 \u00b0C<br \/>\n&#8211; Izola\u021bie termic\u0103 cu grosimea de 70 mm<\/p>\n<p>Caracteristici<br \/>\nTemperatura de r\u0103cire: de la 90 la 3 \u00b0\u0421<br \/>\nCicl de r\u0103cire: 90 min.<br \/>\nCapacitatea ciclului de r\u0103cire: 40 kg<br \/>\nTemperatura de \u00eenghe\u021b: de la 90 la -18 \u00b0\u0421<br \/>\nCicl de \u00eenghe\u021b: 240 min.<br \/>\nCapacitatea ciclului de congelare: 28 kg<br \/>\nNum\u0103r de niveluri: 10<br \/>\nContainere GN: GN 1\/1<br \/>\nT\u0103vi: 60&#215;40 cm<br \/>\nTensiune: 220V<br \/>\nPutere: 1,3 kW<br \/>\nParametri: 800x815x1645 mm<br \/>\nGreutate: 150 kg<\/p>\n<p>&nbsp;<\/p>\n","protected":false},"excerpt":{"rendered":"<p>Congelator cu \u0219oc trmic. Temperatura de r\u0103cire: de la 90 la 3 \u00b0\u0421; Cicl de r\u0103cire: 90 min.; Capacitatea ciclului de r\u0103cire: 40 kg; Temperatura de \u00eenghe\u021b: de la 90 la -18 \u00b0\u0421; Cicl de \u00eenghe\u021b: 240 min.; Capacitatea ciclului de congelare: 28 kg; Num\u0103r de niveluri: 10; Containere GN: GN 1\/1; T\u0103vi: 60&#215;40 cm; Tensiune: 220V; Putere: 1,3 kW; Parametri: 800x815x1645 mm; Greutate: 150 kg.<\/p>\n","protected":false},"featured_media":24824,"template":"","meta":[],"_links":{"self":[{"href":"https:\/\/evotek.md\/ro\/wp-json\/wp\/v2\/product\/24825"}],"collection":[{"href":"https:\/\/evotek.md\/ro\/wp-json\/wp\/v2\/product"}],"about":[{"href":"https:\/\/evotek.md\/ro\/wp-json\/wp\/v2\/types\/product"}],"wp:featuredmedia":[{"embeddable":true,"href":"https:\/\/evotek.md\/ro\/wp-json\/wp\/v2\/media\/24824"}],"wp:attachment":[{"href":"https:\/\/evotek.md\/ro\/wp-json\/wp\/v2\/media?parent=24825"}],"curies":[{"name":"wp","href":"https:\/\/api.w.org\/{rel}","templated":true}]}}