{"id":24820,"date":"2021-08-19T10:05:22","date_gmt":"2021-08-19T10:05:22","guid":{"rendered":"https:\/\/evotek.md\/?post_type=product&#038;p=24820"},"modified":"2021-08-19T10:05:22","modified_gmt":"2021-08-19T10:05:22","slug":"congelator-cu-soc-termic-apach-ash10k-lp","status":"publish","type":"product","link":"https:\/\/evotek.md\/ro\/produse\/echipamente-frigorifice\/congelator-cu-soc-termic\/congelator-cu-soc-termic-apach-ash10k-lp\/","title":{"rendered":"CONGELATOR CU \u0218OC TERMIC Apach -ASH10K LP"},"content":{"rendered":"<p><strong>CONGELATOR CU \u0218OC TERMIC Apach -ASH10K LP<\/strong>&#8211; Dulapul congelator cu \u0219oc termiic este conceput pentru congelarea rapid\u0103 a produselor \u0219i a bucatelor gata preparate la unit\u0103\u021bile de catering \u0219i comer\u021b. Modelul cu panou de control electronic este echipat cu o unitate frigorific\u0103 \u00eencorporat\u0103. Corpul \u0219i camera interioar\u0103 sunt fabricate din inox cu un strat de pelicul\u0103 Fingerprint Free. Recipientele \u0219i t\u0103vile GN nu sunt incluse \u00een setul de livrare \u0219i trebuie achizi\u021bionate separat.<br \/>\nParticularit\u0103\u021bi:<br \/>\n-Dezghe\u021bare manual\u0103<br \/>\n-Cicluri de r\u0103cire \/ \u00eenghe\u021b pe baza sondei de timp \u0219i temperatur\u0103<br \/>\n-Cicluri fine \u0219i dure de r\u0103cire \/ congelare<br \/>\n-Comutarea automat\u0103 \u00een modul de stocare dup\u0103 sf\u00e2r\u0219itul r\u0103cirii \/ \u00eenghe\u021bului<\/p>\n<p>Caracteristici<br \/>\nUnitate frigorific\u0103 \u00eencorporat\u0103<br \/>\nTemperatura de r\u0103cire: de la 70 la 3 \u00b0\u0421<br \/>\nCicl de r\u0103cire: 90 min<br \/>\nCapacitatea ciclului de r\u0103cire: 35 kg<br \/>\nTemperatura de \u00eenghe\u021b: de la 70 la -18 \u00b0\u0421<br \/>\nCicl de \u00eenghe\u021b: 240 min.<br \/>\nCapacitatea ciclului de congelare: 20 kg<br \/>\nNum\u0103r de nivele: 10<br \/>\nDistan\u021ba dintre nivele: 74 mm<br \/>\nContainere GN: GN 1\/1<br \/>\nT\u0103vi: 60&#215;40 cm<br \/>\nTensiune: 220V<br \/>\nPutere: 2,19 kW<br \/>\nParametri: 790x760x1610 mm<br \/>\nGreutate: 129 kg<br \/>\n\u021aara de origine: Italia<\/p>\n<p>&nbsp;<\/p>\n<p>&nbsp;<\/p>\n<p>&nbsp;<\/p>\n","protected":false},"excerpt":{"rendered":"<p>Congelator cu \u0219oc termic. Unitate frigorific\u0103 \u00eencorporat\u0103; Temperatura de r\u0103cire: de la 70 la 3 \u00b0\u0421; Cicl de r\u0103cire: 90 min; Capacitatea ciclului de r\u0103cire: 35 kg; Temperatura de \u00eenghe\u021b: de la 70 la -18 \u00b0\u0421; Cicl de \u00eenghe\u021b: 240 min.; Capacitatea ciclului de congelare: 20 kg; Num\u0103r de nivele: 10; Distan\u021ba dintre nivele: 74 mm; Containere GN: GN 1\/1; T\u0103vi: 60&#215;40 cm; Tensiune: 220V; Putere: 2,19 kW; Parametri: 790x760x1610 mm; Greutate: 129 kg.<\/p>\n","protected":false},"featured_media":24819,"template":"","meta":[],"_links":{"self":[{"href":"https:\/\/evotek.md\/ro\/wp-json\/wp\/v2\/product\/24820"}],"collection":[{"href":"https:\/\/evotek.md\/ro\/wp-json\/wp\/v2\/product"}],"about":[{"href":"https:\/\/evotek.md\/ro\/wp-json\/wp\/v2\/types\/product"}],"wp:featuredmedia":[{"embeddable":true,"href":"https:\/\/evotek.md\/ro\/wp-json\/wp\/v2\/media\/24819"}],"wp:attachment":[{"href":"https:\/\/evotek.md\/ro\/wp-json\/wp\/v2\/media?parent=24820"}],"curies":[{"name":"wp","href":"https:\/\/api.w.org\/{rel}","templated":true}]}}