{"id":2475,"date":"2020-02-19T12:37:34","date_gmt":"2020-02-19T12:39:07","guid":{"rendered":"https:\/\/evotek.md\/?post_type=product&#038;p=2475"},"modified":"2023-01-03T08:48:35","modified_gmt":"2023-01-03T08:48:35","slug":"masina-de-tocat-carne-hkn-22s","status":"publish","type":"product","link":"https:\/\/evotek.md\/ro\/produse\/echipamente-electromecanice\/masina-de-tocat-carne\/masina-de-tocat-carne-hkn-22s\/","title":{"rendered":"MA\u0218IN\u0102 DE TOCAT CARNE 240 kg\/h -HKN-22S"},"content":{"rendered":"<p><strong>MA\u0218IN\u0102 DE TOCAT CARNE 240 kg\/h &#8211;<\/strong><strong>HKN-22S- <\/strong>Se folose\u0219te pentru tocarea c\u0103rnii de pas\u0103re \u0219i de pe\u0219te. Modelul func\u021bioneaz\u0103 pe sistemul unger. Echipamentul const\u0103 dintr-o tav\u0103 de \u00eenc\u0103rcare, un \u00eemping\u0103tor \u0219i un unger complet, care include un cu\u021bit de t\u0103iere, dou\u0103 cu\u021bite standard \u0219i dou\u0103 z\u0103brele. Acest tip de echipament este un adev\u0103rat ajutor \u00een buc\u0103t\u0103ria fiec\u0103rui buc\u0103tar. Carcasa este realizat\u0103 din aluminiu. Tava \u0219i partea de tocat din inox.<\/p>\n<p>Caracteristici<br \/>\nParametri: 520x230x445 mm<br \/>\nPutere: 1,1 kW<br \/>\nConexiune: 230 V<br \/>\nGreutate neta: 23,2 kg<br \/>\nMaterial corp: aluminiu<br \/>\nMaterial tava si masina de tocat carne: otel inoxidabil<br \/>\nTip sistem de tocat carne: Unger complet (cu\u021bit de t\u0103iat, dou\u0103 cu\u021bite standard, dou\u0103 grile de 8 mm \u0219i 6 mm)<br \/>\nPachetul include: tav\u0103 de \u00eenc\u0103rcare, \u00eemping\u0103tor<br \/>\nProductivitate: 240 kg\/h<\/p>\n<p>&nbsp;<\/p>\n","protected":false},"excerpt":{"rendered":"<p>Ma\u0219in\u0103 de tocat carne cu productivitatea de 240 kg pe or\u0103. Parametri: 520x230x445 mm; Putere: 1,1 kW; Conexiune: 230 V; Greutate net\u0103: 23,2 kg.<\/p>\n<p>&nbsp;<\/p>\n","protected":false},"featured_media":2474,"template":"","meta":[],"_links":{"self":[{"href":"https:\/\/evotek.md\/ro\/wp-json\/wp\/v2\/product\/2475"}],"collection":[{"href":"https:\/\/evotek.md\/ro\/wp-json\/wp\/v2\/product"}],"about":[{"href":"https:\/\/evotek.md\/ro\/wp-json\/wp\/v2\/types\/product"}],"wp:featuredmedia":[{"embeddable":true,"href":"https:\/\/evotek.md\/ro\/wp-json\/wp\/v2\/media\/2474"}],"wp:attachment":[{"href":"https:\/\/evotek.md\/ro\/wp-json\/wp\/v2\/media?parent=2475"}],"curies":[{"name":"wp","href":"https:\/\/api.w.org\/{rel}","templated":true}]}}