{"id":2460,"date":"2020-02-19T10:44:42","date_gmt":"2020-02-19T10:46:44","guid":{"rendered":"https:\/\/evotek.md\/?post_type=product&#038;p=2460"},"modified":"2023-02-24T15:41:41","modified_gmt":"2023-02-24T15:41:41","slug":"rgv-lusso-275-s","status":"publish","type":"product","link":"https:\/\/evotek.md\/ro\/produse\/echipamente-electromecanice\/slicer\/rgv-lusso-275-s\/","title":{"rendered":"SLICER  \u00d8 255 mm (felie 0,2-15 mm) -RGV LUSSO 275\/S"},"content":{"rendered":"<p><strong>SLICER \u00d8 255 mm (felie 0,2-15 mm) -RGV LUSSO 275\/S-<\/strong> este destinat utiliz\u0103rii \u00een unit\u0103\u021bile de alimenta\u021bie public\u0103, comer\u021b \u0219i de asemenea \u00een magazine de produc\u021bie, a c\u0103ror activitate este asociat\u0103 cu produse gastronomice, feliatorul ajut\u0103 la t\u0103ierea c\u0103rnii, br\u00e2nzeturilor, mezelurilor \u0219i a altor produse alimentare \u00een felii uniforme \u0219i egale.<\/p>\n<p>Un motor profesionist cu func\u021bie de ventila\u021bie for\u021bat\u0103 elimin\u0103 posibilitatea supra\u00eenc\u0103lzirii echipamentului \u0219i, de asemenea, face ca func\u021bionarea sa s\u0103 fie aproape silen\u021bioas\u0103. Feliatorul este echipat cu un dispozitiv fixat pentru ascu\u021birea cu\u021bitului, cu dublu abraziv. Tava pentru alimente, jumperul pentru reglarea grosimii t\u0103ieturii \u0219i inelul de fixare a lamei sunt confec\u021bionate din aluminiu lustruit anodizat, care asigur\u0103 cur\u0103\u021benia igienic\u0103 \u0219i protec\u021bia \u00eempotriva coroziunii.<\/p>\n<p>Facilit\u0103\u021bi: Cu\u021bit profesional \u00eent\u0103rit \u0219i cromat pentru performan\u021be de t\u0103iere ridicate; M\u00e2nerul de control al lamei este montat pe un rulment dublu cu bile, ceea ce face ca feliatorul s\u0103 func\u021bioneze aproape silen\u021bios; Capac de ascu\u021bit \u0219i inel de protec\u021bie a lamei din PVC sau aluminiu anodizat.<\/p>\n<p>Caracteristici:<\/p>\n<p>Tipul de control: semi-automat<\/p>\n<p>Diametrul cu\u021bitului: 255 mm<\/p>\n<p>Grosime de feliere: 0,2 p\u00e2n\u0103 la 15 mm<\/p>\n<p>Tensiune: 220 V<\/p>\n<p>Putere: 0,15 kW<\/p>\n<p>Materialul carcasei: aluminiu anodizat<\/p>\n<p>Materialul cu\u021bitului: o\u021bel cromat<\/p>\n<p>Parametri: 505x410x375 mm<\/p>\n<p>Dimensiunea maxim\u0103 a produsului t\u0103iat: 230&#215;190 mm<\/p>\n<p>\u021aara de origine: Italia<\/p>\n<p>&nbsp;<\/p>\n<p>&nbsp;<\/p>\n","protected":false},"excerpt":{"rendered":"<p>Slicer cu dispozitiv fixat pentru ascu\u021birea cu\u021bitului, cu grosimea felierii de la 0,2 p\u00e2n\u0103 la 15 mm. Tipul de control: semi-automat; Diametrul cu\u021bitului: 255 mm; Grosime de feliere: 0,2 p\u00e2n\u0103 la 15 mm; Tensiune: 220 V; Putere: 0,15 kW; Materialul carcasei: aluminiu anodizat; Materialul cu\u021bitului: o\u021bel cromat; Parametri: 505x410x375 mm; Dimensiunea maxim\u0103 a produsului t\u0103iat: 230&#215;190 mm; \u021aara de origine: Italia.<\/p>\n<p>&nbsp;<\/p>\n","protected":false},"featured_media":2459,"template":"","meta":[],"_links":{"self":[{"href":"https:\/\/evotek.md\/ro\/wp-json\/wp\/v2\/product\/2460"}],"collection":[{"href":"https:\/\/evotek.md\/ro\/wp-json\/wp\/v2\/product"}],"about":[{"href":"https:\/\/evotek.md\/ro\/wp-json\/wp\/v2\/types\/product"}],"wp:featuredmedia":[{"embeddable":true,"href":"https:\/\/evotek.md\/ro\/wp-json\/wp\/v2\/media\/2459"}],"wp:attachment":[{"href":"https:\/\/evotek.md\/ro\/wp-json\/wp\/v2\/media?parent=2460"}],"curies":[{"name":"wp","href":"https:\/\/api.w.org\/{rel}","templated":true}]}}