{"id":24597,"date":"2021-08-06T08:20:50","date_gmt":"2021-08-06T08:20:50","guid":{"rendered":"https:\/\/evotek.md\/?post_type=product&#038;p=24597"},"modified":"2021-08-06T08:20:50","modified_gmt":"2021-08-06T08:20:50","slug":"razatoare-fina-pentru-cascaval-sanelli-1031-000","status":"publish","type":"product","link":"https:\/\/evotek.md\/ro\/produse\/accesorii-si-inventar-bucatarie\/accesorii-pentru-bar\/razatoare-fina-pentru-cascaval-sanelli-1031-000\/","title":{"rendered":"R\u0102Z\u0102TOARE FIN\u0102 PENTRU CA\u0218CAVAL -Sanelli-1031.000"},"content":{"rendered":"<p><strong>R\u0102Z\u0102TOARE FIN\u0102 PENTRU CA\u0218CAVAL -Sanelli-1031.000-<\/strong> Aceast\u0103 r\u0103z\u0103toare din inox v\u0103 permite s\u0103 rade\u021bi rapid \u0219i f\u0103r\u0103 efort ca\u0219caval de diferite durit\u0103\u021bi. Suprafa\u021ba de lucru este realizat\u0103 din inox de \u00eenalt\u0103 calitate. M\u00e2nerul din plastic negru st\u0103 confortabil \u00een m\u00e2n\u0103 \u00een timpul lucrului. Datorit\u0103 inser\u021biei speciale din silicon, r\u0103z\u0103toarea nu alunec\u0103 pe suprafa\u021ba de lucru (mas\u0103, vase etc.).<\/p>\n<p>Caracteristici<br \/>\nParametri: 13,5&#215;6,5 cm<br \/>\nCuloare neagra<br \/>\nForma: Asimetric\u0103<br \/>\nMaterial: inox<\/p>\n<p>&nbsp;<\/p>\n","protected":false},"excerpt":{"rendered":"<p>R\u0103z\u0103toare fin\u0103 pentru ca\u0219caval din inox. Parametri: 13,5&#215;6,5 cm<\/p>\n","protected":false},"featured_media":24596,"template":"","meta":[],"_links":{"self":[{"href":"https:\/\/evotek.md\/ro\/wp-json\/wp\/v2\/product\/24597"}],"collection":[{"href":"https:\/\/evotek.md\/ro\/wp-json\/wp\/v2\/product"}],"about":[{"href":"https:\/\/evotek.md\/ro\/wp-json\/wp\/v2\/types\/product"}],"wp:featuredmedia":[{"embeddable":true,"href":"https:\/\/evotek.md\/ro\/wp-json\/wp\/v2\/media\/24596"}],"wp:attachment":[{"href":"https:\/\/evotek.md\/ro\/wp-json\/wp\/v2\/media?parent=24597"}],"curies":[{"name":"wp","href":"https:\/\/api.w.org\/{rel}","templated":true}]}}