{"id":24587,"date":"2021-08-06T07:14:34","date_gmt":"2021-08-06T07:14:34","guid":{"rendered":"https:\/\/evotek.md\/?post_type=product&#038;p=24587"},"modified":"2022-01-18T14:52:18","modified_gmt":"2022-01-18T14:52:18","slug":"struna-cutit-pentru-felierea-cascavalului-130-cm-sanelli-1814-000","status":"publish","type":"product","link":"https:\/\/evotek.md\/ro\/produse\/accesorii-si-inventar-bucatarie\/cutite-bucatarie\/struna-cutit-pentru-felierea-cascavalului-130-cm-sanelli-1814-000\/","title":{"rendered":"STRUN\u0102-CU\u021aIT PENTRU FELIEREA CA\u0218CAVALULUI 130 cm -Sanelli-1814.000"},"content":{"rendered":"<p><strong>STRUN\u0102-CU\u021aIT PENTRU FELIEREA CA\u0218CAVALULUI 130 cm -Sanelli-1814.000-<\/strong> cu\u021bit-strun\u0103 conceput pentru t\u0103ierea ca\u0219cavalului \u00een unit\u0103\u021bile de alimenta\u021bie public\u0103. Echipat cu dou\u0103 m\u00e2nere pentru a oferi mai mult\u0103 presiune pe lam\u0103 \u0219i pentru a ob\u021bine o felie uniform\u0103 de ca\u0219caval, chiar \u0219i atunci c\u00e2nd t\u0103ia\u021bi buc\u0103\u021bi foarte mari. Facilit\u0103\u021bi: Duritate crescut\u0103; Bun\u0103 flexibilitate; Eficien\u021b\u0103 ridicat\u0103 de t\u0103iere; Rezistenta la uzur\u0103; F\u0103r\u0103 zg\u00e2rieturi; M\u00e2nere antiderapante; Material netoxic; Rezistent la schimb\u0103ri de temperatur\u0103, coroziune \u0219i detergen\u021bi.<\/p>\n","protected":false},"excerpt":{"rendered":"<p>Strun\u0103-cu\u021bit pentru feliere ca\u0219caval &#8211; 130 cm<\/p>\n","protected":false},"featured_media":24586,"template":"","meta":[],"_links":{"self":[{"href":"https:\/\/evotek.md\/ro\/wp-json\/wp\/v2\/product\/24587"}],"collection":[{"href":"https:\/\/evotek.md\/ro\/wp-json\/wp\/v2\/product"}],"about":[{"href":"https:\/\/evotek.md\/ro\/wp-json\/wp\/v2\/types\/product"}],"wp:featuredmedia":[{"embeddable":true,"href":"https:\/\/evotek.md\/ro\/wp-json\/wp\/v2\/media\/24586"}],"wp:attachment":[{"href":"https:\/\/evotek.md\/ro\/wp-json\/wp\/v2\/media?parent=24587"}],"curies":[{"name":"wp","href":"https:\/\/api.w.org\/{rel}","templated":true}]}}