{"id":24579,"date":"2021-08-05T15:00:08","date_gmt":"2021-08-05T15:01:52","guid":{"rendered":"https:\/\/evotek.md\/?post_type=product&#038;p=24579"},"modified":"2023-07-07T14:52:29","modified_gmt":"2023-07-07T14:52:29","slug":"manusa-din-inox-sanelli-1852-004","status":"publish","type":"product","link":"https:\/\/evotek.md\/ro\/produse\/accesorii-si-inventar-bucatarie\/cutite-bucatarie\/manusa-din-inox-sanelli-1852-004\/","title":{"rendered":"MANUSA DIN INOX, PE CUREA \u201dL\u201d-Sanelli-1852.004"},"content":{"rendered":"<p><strong>MANUSA DIN INOX, PE CUREA \u201dL\u201d-Sanelli-1852.004<\/strong>&#8211; folosit pentru o munc\u0103 u\u0219oar\u0103 \u0219i sigur\u0103 \u00een buc\u0103t\u0103riile profesionale. Reversibil; Diametrul interior al inelelor: 3 mm; Diametrul exterior al inelelor: 4 mm; Curea din \u021bes\u0103tur\u0103 cu \u00eenchidere cu buton.<\/p>\n<p>&nbsp;<\/p>\n","protected":false},"excerpt":{"rendered":"<p>M\u0103nu\u0219\u0103 din inox cu plas\u0103 &#8211; dimensiunea L<\/p>\n","protected":false},"featured_media":24576,"template":"","meta":[],"_links":{"self":[{"href":"https:\/\/evotek.md\/ro\/wp-json\/wp\/v2\/product\/24579"}],"collection":[{"href":"https:\/\/evotek.md\/ro\/wp-json\/wp\/v2\/product"}],"about":[{"href":"https:\/\/evotek.md\/ro\/wp-json\/wp\/v2\/types\/product"}],"wp:featuredmedia":[{"embeddable":true,"href":"https:\/\/evotek.md\/ro\/wp-json\/wp\/v2\/media\/24576"}],"wp:attachment":[{"href":"https:\/\/evotek.md\/ro\/wp-json\/wp\/v2\/media?parent=24579"}],"curies":[{"name":"wp","href":"https:\/\/api.w.org\/{rel}","templated":true}]}}