{"id":24572,"date":"2021-08-05T14:14:28","date_gmt":"2021-08-05T14:15:11","guid":{"rendered":"https:\/\/evotek.md\/?post_type=product&#038;p=24572"},"modified":"2023-12-05T15:15:22","modified_gmt":"2023-12-05T15:15:22","slug":"cutit-deschizator-de-stridii-6-cm-sanelli-5489-000","status":"publish","type":"product","link":"https:\/\/evotek.md\/ro\/produse\/accesorii-si-inventar-bucatarie\/cutite-bucatarie\/cutit-deschizator-de-stridii-6-cm-sanelli-5489-000\/","title":{"rendered":"CU\u021aIT-DESCHIZ\u0102TOR DE STRIDII 6 cm -Sanelli-5489.000 \/ A5489000"},"content":{"rendered":"<p><strong>CU\u021aIT-DESCHIZ\u0102TOR DE STRIDII 6 cm -Sanelli-5489.000-<\/strong> Coaja poate fi deschis\u0103 rapid doar cu acest cu\u021bit special. O lam\u0103 scurt\u0103 \u0219i fiabil\u0103 v\u0103 va ajuta s\u0103 deschide\u021bi coaja de stridie atent, \u00eenc\u00e2t carnea s\u0103 r\u0103m\u00e2n\u0103 intact\u0103.<\/p>\n<p>&nbsp;<\/p>\n","protected":false},"excerpt":{"rendered":"<p>Cu\u021bit-deschiz\u0103tor de stridii la 6 cm.<\/p>\n","protected":false},"featured_media":24571,"template":"","meta":[],"_links":{"self":[{"href":"https:\/\/evotek.md\/ro\/wp-json\/wp\/v2\/product\/24572"}],"collection":[{"href":"https:\/\/evotek.md\/ro\/wp-json\/wp\/v2\/product"}],"about":[{"href":"https:\/\/evotek.md\/ro\/wp-json\/wp\/v2\/types\/product"}],"wp:featuredmedia":[{"embeddable":true,"href":"https:\/\/evotek.md\/ro\/wp-json\/wp\/v2\/media\/24571"}],"wp:attachment":[{"href":"https:\/\/evotek.md\/ro\/wp-json\/wp\/v2\/media?parent=24572"}],"curies":[{"name":"wp","href":"https:\/\/api.w.org\/{rel}","templated":true}]}}