{"id":24567,"date":"2021-08-05T13:39:38","date_gmt":"2021-08-05T13:39:38","guid":{"rendered":"https:\/\/evotek.md\/?post_type=product&#038;p=24567"},"modified":"2021-08-16T13:31:41","modified_gmt":"2021-08-16T13:31:41","slug":"suport-magnetic-pentru-cutite-30-cm-sanelli-1967-000","status":"publish","type":"product","link":"https:\/\/evotek.md\/ro\/produse\/accesorii-si-inventar-bucatarie\/suport-magnetic-pentru-cutite\/suport-magnetic-pentru-cutite-30-cm-sanelli-1967-000\/","title":{"rendered":"SUPORT MAGNETIC PENTRU CU\u021aITE 45 cm -Sanelli-1967.000"},"content":{"rendered":"<p><strong>SUPORT MAGNETIC PENTRU CU\u021aITE 45 cm -Sanelli-1967.000-<\/strong> Cu\u021bitele sunt fixate \u00een siguran\u021b\u0103 pe suport cu ajutorul magne\u021bilor \u0219i pl\u0103cilor de o\u021bel magnetizate \u00eencorporate \u00eentr-o carcas\u0103 din plastic.<\/p>\n<p>&nbsp;<\/p>\n","protected":false},"excerpt":{"rendered":"<p>Suport magnetic pentru cu\u021bite cu lungimea de 30 cm.<\/p>\n","protected":false},"featured_media":24679,"template":"","meta":[],"_links":{"self":[{"href":"https:\/\/evotek.md\/ro\/wp-json\/wp\/v2\/product\/24567"}],"collection":[{"href":"https:\/\/evotek.md\/ro\/wp-json\/wp\/v2\/product"}],"about":[{"href":"https:\/\/evotek.md\/ro\/wp-json\/wp\/v2\/types\/product"}],"wp:featuredmedia":[{"embeddable":true,"href":"https:\/\/evotek.md\/ro\/wp-json\/wp\/v2\/media\/24679"}],"wp:attachment":[{"href":"https:\/\/evotek.md\/ro\/wp-json\/wp\/v2\/media?parent=24567"}],"curies":[{"name":"wp","href":"https:\/\/api.w.org\/{rel}","templated":true}]}}