{"id":24557,"date":"2021-08-05T12:49:17","date_gmt":"2021-08-05T12:49:17","guid":{"rendered":"https:\/\/evotek.md\/?post_type=product&#038;p=24557"},"modified":"2021-08-05T12:49:42","modified_gmt":"2021-08-05T12:49:42","slug":"lingura-cu-penseta-decorativa-17-cm-sanelli-1154-017","status":"publish","type":"product","link":"https:\/\/evotek.md\/ro\/produse\/accesorii-si-inventar-bucatarie\/accesorii-pentru-bar\/lingura-cu-penseta-decorativa-17-cm-sanelli-1154-017\/","title":{"rendered":"LINGUR\u0102 CU PENSET\u0102 DECORATIV\u0102 17 cm -Sanelli-1154.017"},"content":{"rendered":"<p><strong>LINGUR\u0102 CU PENSET\u0102 DECORATIV\u0102 17 cm -Sanelli-1154.017<\/strong>&#8211; Lingur\u0103 decorativ\u0103 \u0219i penset\u0103 pentru buc\u0103tar, din inox.<\/p>\n<p>Caracteristici<br \/>\nDimensiuni: 17 cm<br \/>\nDin inox<\/p>\n<p>&nbsp;<\/p>\n","protected":false},"excerpt":{"rendered":"<p>Lingur\u0103 \u0219i penset\u0103 decorativ\u0103 pentru buc\u0103tar-\u0219ef. Dimensiuni: 17 cm; Din inox.<\/p>\n","protected":false},"featured_media":24556,"template":"","meta":[],"_links":{"self":[{"href":"https:\/\/evotek.md\/ro\/wp-json\/wp\/v2\/product\/24557"}],"collection":[{"href":"https:\/\/evotek.md\/ro\/wp-json\/wp\/v2\/product"}],"about":[{"href":"https:\/\/evotek.md\/ro\/wp-json\/wp\/v2\/types\/product"}],"wp:featuredmedia":[{"embeddable":true,"href":"https:\/\/evotek.md\/ro\/wp-json\/wp\/v2\/media\/24556"}],"wp:attachment":[{"href":"https:\/\/evotek.md\/ro\/wp-json\/wp\/v2\/media?parent=24557"}],"curies":[{"name":"wp","href":"https:\/\/api.w.org\/{rel}","templated":true}]}}