{"id":24548,"date":"2021-08-05T11:31:37","date_gmt":"2021-08-05T11:31:37","guid":{"rendered":"https:\/\/evotek.md\/?post_type=product&#038;p=24548"},"modified":"2022-02-11T12:42:55","modified_gmt":"2022-02-11T12:42:55","slug":"piatra-pentru-ascutire-cutite-220-1000","status":"publish","type":"product","link":"https:\/\/evotek.md\/ro\/produse\/accesorii-si-inventar-bucatarie\/cutite-bucatarie\/piatra-pentru-ascutire-cutite-220-1000\/","title":{"rendered":"PIATR\u0102 PENTRU ASCU\u021aIRE CU\u021aITE 220\/1000-Sanelli-1900.000"},"content":{"rendered":"<p><strong>PIATR\u0102 PENTRU ASCU\u021aIRE CU\u021aITE 220\/1000-Sanelli-1900.000-<\/strong> Aceast\u0103 piatr\u0103 dreptunghiular\u0103 poate ascu\u021bi cu u\u0219urin\u021b\u0103 lama deteriorat\u0103 a cu\u021bitelor sau a foarfecelor.<\/p>\n<p>Partea cu granula\u021bie de 220 este ideal\u0103 pentru \u0219lefuire \u0219i refacere a muchiei, \u00een timp ce cea de 1000 pentru ascu\u021bire.<\/p>\n<p>Caracteristici<br \/>\nDimensiuni: 185x65x30 mm<br \/>\nSe poate sp\u0103la \u00een ma\u0219ina de sp\u0103lat vase.<\/p>\n<p>&nbsp;<\/p>\n","protected":false},"excerpt":{"rendered":"<p>Piatr\u0103 de ap\u0103 pentru ascu\u021bit cu\u021bite 220\/1000. Dimensiuni: 185x65x30 mm; Se poate sp\u0103la \u00een ma\u0219ina de sp\u0103lat vase.<\/p>\n","protected":false},"featured_media":24547,"template":"","meta":[],"_links":{"self":[{"href":"https:\/\/evotek.md\/ro\/wp-json\/wp\/v2\/product\/24548"}],"collection":[{"href":"https:\/\/evotek.md\/ro\/wp-json\/wp\/v2\/product"}],"about":[{"href":"https:\/\/evotek.md\/ro\/wp-json\/wp\/v2\/types\/product"}],"wp:featuredmedia":[{"embeddable":true,"href":"https:\/\/evotek.md\/ro\/wp-json\/wp\/v2\/media\/24547"}],"wp:attachment":[{"href":"https:\/\/evotek.md\/ro\/wp-json\/wp\/v2\/media?parent=24548"}],"curies":[{"name":"wp","href":"https:\/\/api.w.org\/{rel}","templated":true}]}}