{"id":24535,"date":"2021-08-05T10:16:47","date_gmt":"2021-08-05T10:16:47","guid":{"rendered":"https:\/\/evotek.md\/?post_type=product&#038;p=24535"},"modified":"2021-08-05T10:16:47","modified_gmt":"2021-08-05T10:16:47","slug":"cutit-pentru-feliere-20-cm-sanelli-bf03-020","status":"publish","type":"product","link":"https:\/\/evotek.md\/ro\/produse\/accesorii-si-inventar-bucatarie\/cutite-bucatarie\/cutit-pentru-feliere-20-cm-sanelli-bf03-020\/","title":{"rendered":"CU\u021aIT PENTRU FELIERE 20 cm Sanelli-BF03.020"},"content":{"rendered":"<p>CU\u021aIT PENTRU FELIERE 20 cm Sanelli-BF03.020- Cu\u021bitele din seria BBQ sunt special concepute pentru prepararea BBQ \u0219i a c\u0103rnii. Toate cu\u021bitelede \u00eenalt\u0103 calitate sunt fabricate din inox special Nitro-B. Lama este lustruit\u0103 special pentru performan\u021be mai bune la t\u0103ierea c\u0103rnii. M\u00e2nerele din polipropilen\u0103 sunt proiectate cu geometrii, materiale \u0219i finisaje specifice pentru a oferi cea mai bun\u0103 aderen\u021b\u0103 anti-alunecare posibil\u0103 pentru aceast\u0103 utilizare special\u0103.<\/p>\n<p>Caracteristici<br \/>\nLungime: 20 cm<br \/>\nMaterial: inox<br \/>\nCuloare: bordo.<\/p>\n<p>&nbsp;<\/p>\n","protected":false},"excerpt":{"rendered":"<p>Cu\u021bit pentru feliere. Lungime: 20 cm; Material: inox; Culoare: bordo.<\/p>\n","protected":false},"featured_media":24534,"template":"","meta":[],"_links":{"self":[{"href":"https:\/\/evotek.md\/ro\/wp-json\/wp\/v2\/product\/24535"}],"collection":[{"href":"https:\/\/evotek.md\/ro\/wp-json\/wp\/v2\/product"}],"about":[{"href":"https:\/\/evotek.md\/ro\/wp-json\/wp\/v2\/types\/product"}],"wp:featuredmedia":[{"embeddable":true,"href":"https:\/\/evotek.md\/ro\/wp-json\/wp\/v2\/media\/24534"}],"wp:attachment":[{"href":"https:\/\/evotek.md\/ro\/wp-json\/wp\/v2\/media?parent=24535"}],"curies":[{"name":"wp","href":"https:\/\/api.w.org\/{rel}","templated":true}]}}