{"id":24530,"date":"2021-08-05T09:52:03","date_gmt":"2021-08-05T09:57:55","guid":{"rendered":"https:\/\/evotek.md\/?post_type=product&#038;p=24530"},"modified":"2023-12-05T14:45:05","modified_gmt":"2023-12-05T14:45:05","slug":"cutit-pentru-dezosare-lama-ingusta-15-cm-sanelli-bd01-015","status":"publish","type":"product","link":"https:\/\/evotek.md\/ro\/produse\/accesorii-si-inventar-bucatarie\/cutite-bucatarie\/cutit-pentru-dezosare-lama-ingusta-15-cm-sanelli-bd01-015\/","title":{"rendered":"CU\u021aIT PENTRU DEZOSARE, LAM\u0102 \u00ceNGUST\u0102 15 cm Sanelli-BD01.015 \/ BD07016N"},"content":{"rendered":"<p><strong>CU\u021aIT PENTRU DEZOSARE, LAM\u0102 \u00ceNGUST\u0102 15 cm Sanelli-BD01.015<\/strong>&#8211; Cu\u021bitele din seria BBQ sunt special concepute pentru prepararea BBQ \u0219i a c\u0103rnii. Toate cu\u021bitele de \u00eenalt\u0103 calitate sunt fabricate din inox special Nitro-B. Lama este lustruit\u0103 special pentru performan\u021be mai bune la t\u0103ierea c\u0103rnii. M\u00e2nerele din polipropilen\u0103 sunt proiectate cu geometrii, materiale \u0219i finisaje specifice pentru a oferi cea mai bun\u0103 aderen\u021b\u0103 anti-alunecare posibil\u0103 pentru aceast\u0103 utilizare special\u0103.<\/p>\n<p>Caracteristici<br \/>\nLungime: 15 cm<br \/>\nMaterial: inox<br \/>\nCuloare: bordo.<\/p>\n<p>&nbsp;<\/p>\n","protected":false},"excerpt":{"rendered":"<p>Cu\u021bit pentru dezosare, lam\u0103 \u00eengust\u0103. Lungime: 15 cm; Material: inox; Culoare: bordo.<\/p>\n","protected":false},"featured_media":24529,"template":"","meta":[],"_links":{"self":[{"href":"https:\/\/evotek.md\/ro\/wp-json\/wp\/v2\/product\/24530"}],"collection":[{"href":"https:\/\/evotek.md\/ro\/wp-json\/wp\/v2\/product"}],"about":[{"href":"https:\/\/evotek.md\/ro\/wp-json\/wp\/v2\/types\/product"}],"wp:featuredmedia":[{"embeddable":true,"href":"https:\/\/evotek.md\/ro\/wp-json\/wp\/v2\/media\/24529"}],"wp:attachment":[{"href":"https:\/\/evotek.md\/ro\/wp-json\/wp\/v2\/media?parent=24530"}],"curies":[{"name":"wp","href":"https:\/\/api.w.org\/{rel}","templated":true}]}}