{"id":24525,"date":"2021-08-05T09:24:43","date_gmt":"2021-08-05T09:25:38","guid":{"rendered":"https:\/\/evotek.md\/?post_type=product&#038;p=24525"},"modified":"2022-03-17T12:45:14","modified_gmt":"2022-03-17T12:45:14","slug":"cutit-pentru-prajituri-28-cm-sanelli-s363-028p","status":"publish","type":"product","link":"https:\/\/evotek.md\/ro\/produse\/accesorii-si-inventar-bucatarie\/cutite-bucatarie\/cutit-pentru-prajituri-28-cm-sanelli-s363-028p\/","title":{"rendered":"CU\u021aIT PENTRU PRODUSE DE PANIFICA\u021aIE 28 cm Sanelli-S363.028P"},"content":{"rendered":"<p><strong>CU\u021aIT PENTRU PRODUSE DE PANIFICA\u021aIE 28 cm Sanelli-S363.028P<\/strong>&#8211; Conceput\u0103 special pentru profesioni\u0219ti, linia Supra Colore ajut\u0103 la reducerea riscului de contaminare prin utilizarea unui sistem de codificare a culorilor care atribuie o sarcin\u0103 specific\u0103 fiec\u0103rui cu\u021bit, astfel \u00eenc\u00e2t s\u0103 poat\u0103 fi identificate cu u\u0219urin\u021b\u0103 diferite zone ale proces\u0103rii alimentelor. Implementarea acestui sistem v\u0103 ofer\u0103 o cre\u0219tere semnificativ\u0103 a siguran\u021bei alimentelor \u00een acela\u0219i timp, este un r\u0103spuns simplu la reglement\u0103rile HACCP privind igiena alimentelor, pentru o protec\u021bie \u0219i mai mare a consumatorilor.<\/p>\n<p>Caracteristici<br \/>\nLungime: 28 cm<br \/>\nMaterial: inox<br \/>\nCuloare: violet.<\/p>\n<p>&nbsp;<\/p>\n","protected":false},"excerpt":{"rendered":"<p>Cu\u021bit pentru produse de panifica\u021bie. Lungime: 28 cm; Material: inox; Culoare: violet.<\/p>\n","protected":false},"featured_media":24524,"template":"","meta":[],"_links":{"self":[{"href":"https:\/\/evotek.md\/ro\/wp-json\/wp\/v2\/product\/24525"}],"collection":[{"href":"https:\/\/evotek.md\/ro\/wp-json\/wp\/v2\/product"}],"about":[{"href":"https:\/\/evotek.md\/ro\/wp-json\/wp\/v2\/types\/product"}],"wp:featuredmedia":[{"embeddable":true,"href":"https:\/\/evotek.md\/ro\/wp-json\/wp\/v2\/media\/24524"}],"wp:attachment":[{"href":"https:\/\/evotek.md\/ro\/wp-json\/wp\/v2\/media?parent=24525"}],"curies":[{"name":"wp","href":"https:\/\/api.w.org\/{rel}","templated":true}]}}