{"id":24515,"date":"2021-08-05T08:43:45","date_gmt":"2021-08-05T08:43:45","guid":{"rendered":"https:\/\/evotek.md\/?post_type=product&#038;p=24515"},"modified":"2021-08-05T08:43:45","modified_gmt":"2021-08-05T08:43:45","slug":"cutit-pentru-dezosare-ingust-16-cm-sanelli-s312-016y","status":"publish","type":"product","link":"https:\/\/evotek.md\/ro\/produse\/accesorii-si-inventar-bucatarie\/cutite-bucatarie\/cutit-pentru-dezosare-ingust-16-cm-sanelli-s312-016y\/","title":{"rendered":"CU\u021aIT PENTRU DEZOSARE \u00ceNGUST 16 cm Sanelli-S312.016Y"},"content":{"rendered":"<p><strong>CU\u021aIT PENTRU DEZOSARE \u00ceNGUST 16 cm Sanelli-S312.016Y<\/strong>&#8211; Conceput\u0103 special pentru profesioni\u0219ti, linia Supra Colore ajut\u0103 la reducerea riscului de contaminare prin utilizarea unui sistem de codificare a culorilor care atribuie o sarcin\u0103 specific\u0103 fiec\u0103rui cu\u021bit, astfel \u00eenc\u00e2t s\u0103 poat\u0103 fi identificate cu u\u0219urin\u021b\u0103 diferite zone ale proces\u0103rii alimentelor. Implementarea acestui sistem v\u0103 ofer\u0103 o cre\u0219tere semnificativ\u0103 a siguran\u021bei alimentelor \u00een acela\u0219i timp, este un r\u0103spuns simplu la reglement\u0103rile HACCP privind igiena alimentelor, pentru o protec\u021bie \u0219i mai mare a consumatorilor.<\/p>\n<p>Caracteristici<br \/>\nLungime: 16 cm<br \/>\nMaterial: inox<br \/>\nCuloare: galben.<\/p>\n<p>&nbsp;<\/p>\n","protected":false},"excerpt":{"rendered":"<p>Cu\u021bit pentru dezosare \u00eengust. Lungime: 16 cm; Material: inox; Culoare: galben.<\/p>\n","protected":false},"featured_media":24514,"template":"","meta":[],"_links":{"self":[{"href":"https:\/\/evotek.md\/ro\/wp-json\/wp\/v2\/product\/24515"}],"collection":[{"href":"https:\/\/evotek.md\/ro\/wp-json\/wp\/v2\/product"}],"about":[{"href":"https:\/\/evotek.md\/ro\/wp-json\/wp\/v2\/types\/product"}],"wp:featuredmedia":[{"embeddable":true,"href":"https:\/\/evotek.md\/ro\/wp-json\/wp\/v2\/media\/24514"}],"wp:attachment":[{"href":"https:\/\/evotek.md\/ro\/wp-json\/wp\/v2\/media?parent=24515"}],"curies":[{"name":"wp","href":"https:\/\/api.w.org\/{rel}","templated":true}]}}