{"id":24506,"date":"2021-08-04T14:58:04","date_gmt":"2021-08-04T14:58:04","guid":{"rendered":"https:\/\/evotek.md\/?post_type=product&#038;p=24506"},"modified":"2021-08-04T14:58:27","modified_gmt":"2021-08-04T14:58:27","slug":"cutit-pentru-macelarie-22-cm-sanelli-s309-022r","status":"publish","type":"product","link":"https:\/\/evotek.md\/ro\/produse\/accesorii-si-inventar-bucatarie\/cutite-bucatarie\/cutit-pentru-macelarie-22-cm-sanelli-s309-022r\/","title":{"rendered":"CU\u021aIT PENTRU M\u0102CEL\u0102RIE 22 cm Sanelli-S309.022R"},"content":{"rendered":"<p><strong>CU\u021aIT PENTRU M\u0102CEL\u0102RIE 22 cm Sanelli-S309.022R<\/strong>&#8211; Conceput\u0103 special pentru profesioni\u0219ti, linia Supra Colore ajut\u0103 la reducerea riscului de contaminare prin utilizarea unui sistem de codificare a culorilor care atribuie o sarcin\u0103 specific\u0103 fiec\u0103rui cu\u021bit, astfel \u00eenc\u00e2t s\u0103 poat\u0103 fi identificate cu u\u0219urin\u021b\u0103 diferite zone ale proces\u0103rii alimentelor. Implementarea acestui sistem v\u0103 ofer\u0103 o cre\u0219tere semnificativ\u0103 a siguran\u021bei alimentelor, \u00een timp ce este un r\u0103spuns simplu la reglement\u0103rile HACCP privind igiena alimentelor pentru o protec\u021bie mai mare a consumatorilor.<\/p>\n<p>Caracteristici<br \/>\nLungime: 22 cm<br \/>\nMaterial: inox<br \/>\nCuloare: ro\u0219u.<\/p>\n<p>&nbsp;<\/p>\n","protected":false},"excerpt":{"rendered":"<p>Cu\u021bit pentru m\u0103cel\u0103rie. Lungime: 22 cm; Material: inox; Culoare: ro\u0219u.<\/p>\n","protected":false},"featured_media":24505,"template":"","meta":[],"_links":{"self":[{"href":"https:\/\/evotek.md\/ro\/wp-json\/wp\/v2\/product\/24506"}],"collection":[{"href":"https:\/\/evotek.md\/ro\/wp-json\/wp\/v2\/product"}],"about":[{"href":"https:\/\/evotek.md\/ro\/wp-json\/wp\/v2\/types\/product"}],"wp:featuredmedia":[{"embeddable":true,"href":"https:\/\/evotek.md\/ro\/wp-json\/wp\/v2\/media\/24505"}],"wp:attachment":[{"href":"https:\/\/evotek.md\/ro\/wp-json\/wp\/v2\/media?parent=24506"}],"curies":[{"name":"wp","href":"https:\/\/api.w.org\/{rel}","templated":true}]}}