{"id":24486,"date":"2021-08-04T13:05:44","date_gmt":"2021-08-04T13:05:44","guid":{"rendered":"https:\/\/evotek.md\/?post_type=product&#038;p=24486"},"modified":"2021-08-04T13:05:44","modified_gmt":"2021-08-04T13:05:44","slug":"spatula-perforata-17-cm-sanelli-s778-017","status":"publish","type":"product","link":"https:\/\/evotek.md\/ro\/produse\/accesorii-si-inventar-bucatarie\/spatula\/spatula-perforata-17-cm-sanelli-s778-017\/","title":{"rendered":"SPATUL\u0102 PERFORAT\u0102 17 cm Sanelli-S778.017"},"content":{"rendered":"<p><strong>SPATUL\u0102 PERFORAT\u0102 17 cm Sanelli-S778.017<\/strong>&#8211; O gam\u0103 inovatoare de cu\u021bite \u0219i spatule profesionale cu m\u00e2nere din dou\u0103 materiale diferite \u0219i lame fabricate din inox special NITRO-B cu adaos de azot (1.4916). Acest nou m\u00e2ner are un miez din polipropilen\u0103 str\u00e2ns legat de inox, acoperit cu un strat gros de material SEBS mai moale. Cele dou\u0103 piese sunt turnate \u00eempreun\u0103 pentru a forma un m\u00e2ner perfect puternic, iar stratul exterior exterior are puncte ergonomice ridicate pentru a \u00eembun\u0103t\u0103\u021bi propriet\u0103\u021bile antiderapante pentru un confort \u0219i o eficien\u021b\u0103 maxime. Toate materialele sunt netoxice, sterilizabile, se pot sp\u0103la \u00een vase, sunt rezistente la c\u0103ldur\u0103 \u0219i la frig \u0219i respect\u0103 cele mai recente cerin\u021be UE \u00een materie de contact alimentar.<\/p>\n<p>Caracteristici<br \/>\nLungime: 17 cm<br \/>\nMaterial: inox<br \/>\nCuloare: negru.<\/p>\n<p>&nbsp;<\/p>\n","protected":false},"excerpt":{"rendered":"<p>Spatul\u0103 perforat\u0103. Lungime: 17 cm; Material: inox; Culoare: negru.<\/p>\n","protected":false},"featured_media":24485,"template":"","meta":[],"_links":{"self":[{"href":"https:\/\/evotek.md\/ro\/wp-json\/wp\/v2\/product\/24486"}],"collection":[{"href":"https:\/\/evotek.md\/ro\/wp-json\/wp\/v2\/product"}],"about":[{"href":"https:\/\/evotek.md\/ro\/wp-json\/wp\/v2\/types\/product"}],"wp:featuredmedia":[{"embeddable":true,"href":"https:\/\/evotek.md\/ro\/wp-json\/wp\/v2\/media\/24485"}],"wp:attachment":[{"href":"https:\/\/evotek.md\/ro\/wp-json\/wp\/v2\/media?parent=24486"}],"curies":[{"name":"wp","href":"https:\/\/api.w.org\/{rel}","templated":true}]}}