{"id":24456,"date":"2021-08-04T11:18:39","date_gmt":"2021-08-04T11:20:12","guid":{"rendered":"https:\/\/evotek.md\/?post_type=product&#038;p=24456"},"modified":"2023-07-07T07:42:07","modified_gmt":"2023-07-07T07:42:07","slug":"sanelli-s361-025","status":"publish","type":"product","link":"https:\/\/evotek.md\/ro\/produse\/accesorii-si-inventar-bucatarie\/cutite-bucatarie\/sanelli-s361-025\/","title":{"rendered":"CUTIT SEMILUNA PENTRU MARUNTIT, 25 cm Sanelli-S361.025"},"content":{"rendered":"<p><strong>CUTIT SEMILUNA PENTRU MARUNTIT, 25 cm Sanelli-S361.025-<\/strong> Cu\u021bitele Supra sunt special concepute pentru uz profesional: lamele de \u00eenalt\u0103 calitate sunt fabricate din inox special NITRO-B cu azot ad\u0103ugat (1.4916) \u0219i apoi combinate cu m\u00e2nere ergonomice SEBS. Toate materialele sunt sterilizabile, extrem de rezistente la impact, agen\u021bi corozivi \u0219i temperaturi ridicate \u0219i sunt conforme cu reglement\u0103rile UE privind igiena alimentelor. O gam\u0103 larg\u0103 de produse, precum \u0219i o utilizare sigur\u0103, forme func\u021bionale \u0219i design exclusiv, fac din cu\u021bitele Supra instrumente esen\u021biale pentru munca buc\u0103tarilor, m\u0103celarilor \u0219i a tuturor celorlal\u021bi utilizatori profesioni\u0219ti.<\/p>\n<p>Caracteristici<br \/>\nLungime: 25 cm<br \/>\nMaterial: inox<br \/>\nCuloare: negru.<\/p>\n<p>&nbsp;<\/p>\n","protected":false},"excerpt":{"rendered":"<p>Cu\u021bit semilun\u0103 pentru maruntit. Lungime: 25 cm; Material: inox; Culoare: negru.<\/p>\n","protected":false},"featured_media":24455,"template":"","meta":[],"_links":{"self":[{"href":"https:\/\/evotek.md\/ro\/wp-json\/wp\/v2\/product\/24456"}],"collection":[{"href":"https:\/\/evotek.md\/ro\/wp-json\/wp\/v2\/product"}],"about":[{"href":"https:\/\/evotek.md\/ro\/wp-json\/wp\/v2\/types\/product"}],"wp:featuredmedia":[{"embeddable":true,"href":"https:\/\/evotek.md\/ro\/wp-json\/wp\/v2\/media\/24455"}],"wp:attachment":[{"href":"https:\/\/evotek.md\/ro\/wp-json\/wp\/v2\/media?parent=24456"}],"curies":[{"name":"wp","href":"https:\/\/api.w.org\/{rel}","templated":true}]}}