{"id":2443,"date":"2020-02-19T10:26:04","date_gmt":"2020-02-19T10:27:51","guid":{"rendered":"https:\/\/evotek.md\/?post_type=product&#038;p=2443"},"modified":"2023-02-24T15:31:08","modified_gmt":"2023-02-24T15:31:08","slug":"feliator-rgv-lusso-25-gs","status":"publish","type":"product","link":"https:\/\/evotek.md\/ro\/produse\/echipamente-electromecanice\/slicer\/feliator-rgv-lusso-25-gs\/","title":{"rendered":"SLICER \u00d8 250 mm (felie 0,2-15 mm) -RGV LUSSO 25 GS"},"content":{"rendered":"<p><strong>SLICER \u00d8 250 mm (felie 0,2-15 mm) -RGV LUSSO 25 GS-<\/strong> este destinat utiliz\u0103rii \u00een unit\u0103\u021bile de alimenta\u021bie public\u0103, comer\u021b \u0219i de asemenea \u00een magazine de produc\u021bie, a c\u0103ror activitate este asociat\u0103 cu produse gastronomice, feliatorul ajut\u0103 la t\u0103ierea c\u0103rnii, br\u00e2nzeturilor, mezelurilor \u0219i a altor produse alimentare \u00een felii uniforme \u0219i egale.<\/p>\n<p>Un motor profesionist cu func\u021bie de ventila\u021bie for\u021bat\u0103 \u00eenl\u0103tur\u0103 posibilitatea supra\u00eenc\u0103lzirii echipamentului \u0219i, de asemenea, face ca func\u021bionarea sa s\u0103 fie aproape silen\u021bioas\u0103. Feliatorul este echipat cu un dispozitiv fixat pentru ascu\u021birea cu\u021bitului, cu dublu abraziv. Tava pentru alimente \u0219i jumperul pentru reglarea grosimii t\u0103ieturii sunt confec\u021bionate din aluminiu lustruit prin anodizare, ceea ce asigur\u0103 puritatea igienic\u0103 \u0219i protec\u021bia \u00eempotriva coroziunii.<\/p>\n<p>Facilit\u0103\u021bi: Cu\u021bitul profesional temperat cromat care garanteaz\u0103 eficien\u021b\u0103 ridicat\u0103 a t\u0103ierii; M\u00e2nerul de control al lamei este montat pe un rulment dublu cu bile, ceea ce face ca feliatorul s\u0103 func\u021bioneze aproape silen\u021bios.<\/p>\n<p>Caracteristici:<\/p>\n<p>Tipul de control: semi-automat<\/p>\n<p>Diametrul cu\u021bitului: 250 mm<\/p>\n<p>Grosime de feliere: 0,2 p\u00e2n\u0103 la 15 mm<\/p>\n<p>Tensiune: 220 V<\/p>\n<p>Putere: 0,14 kW<\/p>\n<p>Materialul carcasei: aluminiu l\u0103cuit<\/p>\n<p>Materialul cu\u021bitului: o\u021bel cromat<\/p>\n<p>Parametri: 480x363x365 mm<\/p>\n<p>Greutate: 14 kg<\/p>\n<p>Dimensiunea maxim\u0103 a produsului t\u0103iat: 230&#215;180 mm<\/p>\n<p>Dimensiunea pl\u0103cii: 190&#215;210 mm<\/p>\n<p>\u021aara de origine: Italia<\/p>\n<p>&nbsp;<\/p>\n","protected":false},"excerpt":{"rendered":"<p>Slicer cu dispozitiv fixat pentru ascu\u021birea cu\u021bitului, cu grosimea felierii de la 0,2 p\u00e2n\u0103 la 15 mm. Tipul de control: semi-automat; Diametrul cu\u021bitului: 250mm; Grosime de feliere: 0,2 p\u00e2n\u0103 la 15 mm; Tensiune: 220 V; Putere: 0,14 kW; Materialul carcasei: aluminiu l\u0103cuit; Materialul cu\u021bitului: o\u021bel cromat; Parametri: 480x363x365 mm; Greutate: 14 kg; Dimensiunea maxim\u0103 a produsului t\u0103iat: 230&#215;180 mm; Dimensiunea pl\u0103cii: 190&#215;210 mm; \u021aara de origine: Italia.<\/p>\n<p>&nbsp;<\/p>\n","protected":false},"featured_media":2442,"template":"","meta":[],"_links":{"self":[{"href":"https:\/\/evotek.md\/ro\/wp-json\/wp\/v2\/product\/2443"}],"collection":[{"href":"https:\/\/evotek.md\/ro\/wp-json\/wp\/v2\/product"}],"about":[{"href":"https:\/\/evotek.md\/ro\/wp-json\/wp\/v2\/types\/product"}],"wp:featuredmedia":[{"embeddable":true,"href":"https:\/\/evotek.md\/ro\/wp-json\/wp\/v2\/media\/2442"}],"wp:attachment":[{"href":"https:\/\/evotek.md\/ro\/wp-json\/wp\/v2\/media?parent=2443"}],"curies":[{"name":"wp","href":"https:\/\/api.w.org\/{rel}","templated":true}]}}