{"id":24411,"date":"2021-08-04T07:47:23","date_gmt":"2021-08-04T07:52:25","guid":{"rendered":"https:\/\/evotek.md\/?post_type=product&#038;p=24411"},"modified":"2023-07-05T08:21:33","modified_gmt":"2023-07-05T08:21:33","slug":"lampa-insecticida-pentru-exterior-impermeabila-st-692265","status":"publish","type":"product","link":"https:\/\/evotek.md\/ro\/produse\/solutii-pentru-curatare\/insecticide-pentru-horeca\/lampa-insecticida-pentru-exterior-impermeabila-st-692265\/","title":{"rendered":"LAMPA INSECTICIDA CU VENTILATOR, EXTERNA, IMPERMEABILA -ST-692265"},"content":{"rendered":"<div><strong>LAMPA INSECTICIDA CU VENTILATOR, EXTERNA, IMPERMEABILA -ST-692265-<\/strong> Durabilitatea l\u0103mpii UV ~ 8000 ore; carcas\u0103 rezistent\u0103 \u0219i durabil\u0103 din plastic ignifug; posibila suspendare; autonomie de lucru de p\u00e2n\u0103 la ~ 750 m2; lungimea cablului de alimentare ~ 1 m; clasa impermeabil\u0103 IPX4; are un ventilator puternic \u0219i silen\u021bios, cu un recipient pentru insecte.<\/div>\n<div><\/div>\n<div>Caracteristici<\/div>\n<div>Material de execu\u021bie: plastic ABS<\/div>\n<div>\u00cen\u0103l\u021bime: 580 mm<\/div>\n<div>Diametru: 320 mm<\/div>\n<div>Putere: Electricitate<\/div>\n<div>Tensiune: 230 vol\u021bi<\/div>\n<div>Electricitate: 40 W<\/div>\n","protected":false},"excerpt":{"rendered":"<p>Lamp\u0103 insecticid\u0103, pentru exterior, impermeabil\u0103. Material de execu\u021bie: plastic ABS; \u00cen\u0103l\u021bime: 580 mm; Diametru: 320 mm; Putere: Electricitate; Tensiune: 230 vol\u021bi; Electricitate: 40 W.<\/p>\n","protected":false},"featured_media":24410,"template":"","meta":[],"_links":{"self":[{"href":"https:\/\/evotek.md\/ro\/wp-json\/wp\/v2\/product\/24411"}],"collection":[{"href":"https:\/\/evotek.md\/ro\/wp-json\/wp\/v2\/product"}],"about":[{"href":"https:\/\/evotek.md\/ro\/wp-json\/wp\/v2\/types\/product"}],"wp:featuredmedia":[{"embeddable":true,"href":"https:\/\/evotek.md\/ro\/wp-json\/wp\/v2\/media\/24410"}],"wp:attachment":[{"href":"https:\/\/evotek.md\/ro\/wp-json\/wp\/v2\/media?parent=24411"}],"curies":[{"name":"wp","href":"https:\/\/api.w.org\/{rel}","templated":true}]}}