{"id":2439,"date":"2020-02-19T09:07:32","date_gmt":"2020-02-19T09:08:52","guid":{"rendered":"https:\/\/evotek.md\/?post_type=product&#038;p=2439"},"modified":"2023-02-24T14:51:08","modified_gmt":"2023-02-24T14:51:08","slug":"feliator-hurakan-hkn-hm220","status":"publish","type":"product","link":"https:\/\/evotek.md\/ro\/produse\/echipamente-electromecanice\/slicer\/feliator-hurakan-hkn-hm220\/","title":{"rendered":"SLICER \u00d8 220 mm (felie 0,2-15 mm) -HKN-HM220"},"content":{"rendered":"<p><strong>SLICER \u00d8 220 mm (felie 0,2-15 mm) -HKN-HM220-<\/strong> Este utilizat pentru t\u0103ierea produselor alimentare \u00een buc\u0103\u021bi cu grosimea necesar\u0103. Este posibil\u0103 modificarea grosimii felierii de la 0,2 la 15 mm. Carcasa modelului este din aluminiu. Un dispozitiv de ascu\u021bire este \u00eencorporat \u00een fiecare unitate. Este utilizat de obicei \u00een departamentele de mezeluri \u0219i br\u00e2nzeturi din supermarketuri, pizzerii, cantine \u0219i instala\u021bii de prelucrare a alimentelor.<\/p>\n<p>Caracteristici<\/p>\n<p>Brand Huracan<\/p>\n<p>Parametri: 420\u0445380\u0445340 mm<\/p>\n<p>Putere: 0,12 kW<\/p>\n<p>Diametrul cu\u021bitului este de 220 mm.<\/p>\n<p>Greutate net\u0103: 12,8 kg<\/p>\n<p>Posibilitatea de modificare a grosimii feliei: 0,2 &#8211; 15 mm<\/p>\n<p>&nbsp;<\/p>\n<p>&nbsp;<\/p>\n","protected":false},"excerpt":{"rendered":"<p>Slicer cu posibilitatea modific\u0103rii grosimii felierii de la 0,2 la 15 mm. Parametri: 420\u0445380\u0445340 mm; Putere: 0,12 kW; Diametrul cu\u021bitului este de 220 mm; Greutate net\u0103: 12,8 kg.<\/p>\n<p>&nbsp;<\/p>\n","protected":false},"featured_media":2435,"template":"","meta":[],"_links":{"self":[{"href":"https:\/\/evotek.md\/ro\/wp-json\/wp\/v2\/product\/2439"}],"collection":[{"href":"https:\/\/evotek.md\/ro\/wp-json\/wp\/v2\/product"}],"about":[{"href":"https:\/\/evotek.md\/ro\/wp-json\/wp\/v2\/types\/product"}],"wp:featuredmedia":[{"embeddable":true,"href":"https:\/\/evotek.md\/ro\/wp-json\/wp\/v2\/media\/2435"}],"wp:attachment":[{"href":"https:\/\/evotek.md\/ro\/wp-json\/wp\/v2\/media?parent=2439"}],"curies":[{"name":"wp","href":"https:\/\/api.w.org\/{rel}","templated":true}]}}