{"id":2436,"date":"2020-02-19T09:04:41","date_gmt":"2020-02-19T09:06:04","guid":{"rendered":"https:\/\/evotek.md\/?post_type=product&#038;p=2436"},"modified":"2023-02-24T14:51:23","modified_gmt":"2023-02-24T14:51:23","slug":"feliator-hurakan-hkn-hm300","status":"publish","type":"product","link":"https:\/\/evotek.md\/ro\/produse\/echipamente-electromecanice\/slicer\/feliator-hurakan-hkn-hm300\/","title":{"rendered":"SLICER \u00d8 300 mm (felie 0,2-15 mm) -HKN-HM300"},"content":{"rendered":"<p><strong>SLICER \u00d8 300 mm (felie 0,2-15 mm) -HKN-HM300<\/strong>&#8211; Este utilizat pentru t\u0103ierea produselor alimentare \u00een buc\u0103\u021bi cu grosimea necesar\u0103. Este posibil\u0103 modificarea grosimii felierii de la 0,2 la 15 mm. Carcasa modelului este din aluminiu. Un dispozitiv de ascu\u021bire este \u00eencorporat \u00een fiecare unitate. Este utilizat de obicei \u00een departamentele de mezeluri \u0219i br\u00e2nzeturi din supermarketuri, pizzerii, cantine \u0219i instala\u021bii de prelucrare a alimentelor.<\/p>\n<p>Caracteristici<\/p>\n<p>Brand Huracan<\/p>\n<p>Parametri: 560\u0445460\u0445430 mm<\/p>\n<p>Putere: 0,25 kW<\/p>\n<p>Diametrul cu\u021bitului este de 300 mm.<\/p>\n<p>Greutate net\u0103: 23,4 kg<\/p>\n<p>Posibilitatea de a modifica grosimea t\u0103ieturii: 0,2 &#8211; 15 mm<\/p>\n","protected":false},"excerpt":{"rendered":"<p>Slicer cu posibilitatea modific\u0103rii grosimii felierii de la 0,2 la 15 mm. Parametri: 560\u0445460\u0445430 mm; Putere: 0,25 kW; Diametrul cu\u021bitului este de 300 mm; Greutate net\u0103: 23,4 kg.<\/p>\n<p>&nbsp;<\/p>\n","protected":false},"featured_media":2435,"template":"","meta":[],"_links":{"self":[{"href":"https:\/\/evotek.md\/ro\/wp-json\/wp\/v2\/product\/2436"}],"collection":[{"href":"https:\/\/evotek.md\/ro\/wp-json\/wp\/v2\/product"}],"about":[{"href":"https:\/\/evotek.md\/ro\/wp-json\/wp\/v2\/types\/product"}],"wp:featuredmedia":[{"embeddable":true,"href":"https:\/\/evotek.md\/ro\/wp-json\/wp\/v2\/media\/2435"}],"wp:attachment":[{"href":"https:\/\/evotek.md\/ro\/wp-json\/wp\/v2\/media?parent=2436"}],"curies":[{"name":"wp","href":"https:\/\/api.w.org\/{rel}","templated":true}]}}