{"id":2426,"date":"2020-02-19T08:23:38","date_gmt":"2020-02-19T08:26:07","guid":{"rendered":"https:\/\/evotek.md\/?post_type=product&#038;p=2426"},"modified":"2023-03-03T14:43:19","modified_gmt":"2023-03-03T14:43:19","slug":"masa-frigorifica-pentru-pizza-stalgast-843271","status":"publish","type":"product","link":"https:\/\/evotek.md\/ro\/produse\/echipamente-frigorifice\/masa-frigider-pentru-pizza\/masa-frigorifica-pentru-pizza-stalgast-843271\/","title":{"rendered":"MASA FRIGORIFICA CU BLAT DIN GRANIT SI SALADETA, 2 USI, 7 SERTARE, 428 LITRI -ST-843271"},"content":{"rendered":"<p><strong>MASA FRIGORIFICA CU BLAT DIN GRANIT SI SALADETA, 2 USI, 7 SERTARE, 428 LITRI -ST-843271-<\/strong> este conceputa pentru depozitarea alimentelor care sunt folosite la prepararea pizza. De asemenea, masa poate fi folosit\u0103 at\u00e2t pentru depozitarea temporar\u0103 \u0219i prelucrarea produselor alimentare, deserturilor, cocktail-urilor, c\u00e2t \u0219i ca element separat al echipamentelor frigorifice. \u00cen interiorul mesei, buc\u0103\u021bile de aluat sunt depozitate \u0219i sunt supuse unui proces de fermentare, crusta se prepar\u0103 pe un blat de granit \u0219i se pune umplutura, iar umplutura \u00een sine este depozitat\u0103 \u00eentr-o vitrin\u0103 frigorific\u0103. Acesta este un echipament profesional foarte convenabil \u0219i necesar \u00een buc\u0103t\u0103ria oric\u0103rui restaurant, cafenea, bar \u0219i \u00eentreprinderi mari.<\/p>\n<p>Caracteristici<br \/>\n2 usi<br \/>\n7 sertare neutre<br \/>\nCarcasa si camera din otel inoxidabil<br \/>\nBlat din granit<br \/>\nDezghetare automata<br \/>\nRegulator electronic cu afisare a temperaturii<br \/>\nEvaporarea automat\u0103 a condensului<br \/>\nCircula\u021bie for\u021bat\u0103 a aerului<br \/>\nPicioare reglabile<br \/>\n14 orificii pentru GN 600&#215;400 mm<br \/>\nU\u0219\u0103 cu auto\u00eenchidere cu dispozitiv de blocare a u\u0219ii deschise<br \/>\nGrosimea izolatiei 45 mm<br \/>\nCapac pentru suport \u00eenclinat<br \/>\n\u00cen\u0103l\u021bimea maxim\u0103 a containerelor GN 150 mm<br \/>\nVolum: 428 l<br \/>\nRegim de temperatur\u0103: -2..+8 \u00b0\u0421<br \/>\nL\u0103\u021bime standard: 780 mm<br \/>\nMaterial carcas\u0103: o\u021bel inoxidabil \u0219i granit<br \/>\nTensiune: 220 V<br \/>\nPutere: 0,3 kW<br \/>\nDimensiuni: 2020x780x1430 mm<br \/>\nGreutate: 362 kg<\/p>\n<p>&nbsp;<\/p>\n","protected":false},"excerpt":{"rendered":"<p>Mas\u0103 frigorific\u0103 pentru pizza, cu 2 u\u0219i, cu blat din granit. Regim temperatura: +2 &#8230; + 8 \u00b0 \u0421; Tensiune: 230 V; Putere: 0,03 kW; Dimensiuni: 2020\u0445780\u04451430 mm.<\/p>\n","protected":false},"featured_media":2425,"template":"","meta":[],"_links":{"self":[{"href":"https:\/\/evotek.md\/ro\/wp-json\/wp\/v2\/product\/2426"}],"collection":[{"href":"https:\/\/evotek.md\/ro\/wp-json\/wp\/v2\/product"}],"about":[{"href":"https:\/\/evotek.md\/ro\/wp-json\/wp\/v2\/types\/product"}],"wp:featuredmedia":[{"embeddable":true,"href":"https:\/\/evotek.md\/ro\/wp-json\/wp\/v2\/media\/2425"}],"wp:attachment":[{"href":"https:\/\/evotek.md\/ro\/wp-json\/wp\/v2\/media?parent=2426"}],"curies":[{"name":"wp","href":"https:\/\/api.w.org\/{rel}","templated":true}]}}