{"id":24178,"date":"2021-07-14T11:56:12","date_gmt":"2021-07-14T11:58:50","guid":{"rendered":"https:\/\/evotek.md\/?post_type=product&#038;p=24178"},"modified":"2023-03-03T11:50:15","modified_gmt":"2023-03-03T11:50:15","slug":"aparat-pentru-waffle-belgiene-w10","status":"publish","type":"product","link":"https:\/\/evotek.md\/ro\/produse\/echipamente-pentru-fast-food\/aparate-pentru-vafe\/aparat-pentru-waffle-belgiene-w10\/","title":{"rendered":"APARAT ELECTRIC PENTRU VAFE BELGIENE, 2 BUCATI (DREPTUNGHI) -REMTA-W10"},"content":{"rendered":"<div><strong>APARAT ELECTRIC PENTRU VAFE BELGIENE, 2 BUCATI, DREPTUNGHI -REMTA-W10- <\/strong>Aparat electric profesional pentru waffle dreptunghiulare belgiene. Suprafa\u021b\u0103 din font\u0103. Coacere simultan\u0103 a 2 vafe, dimensiunea unei vafe este de 4&#215;6 cuburi (110&#215;185 mm.) Regulator de temperatur\u0103 \u00een intervalul 0..300C. Corp din o\u021bel inoxidabil.<\/div>\n<div><\/div>\n<div>Caracteristici<\/div>\n<div>Dimensiunea unei celule: 100x155x100 mm.<\/div>\n<div>Dimensiuni: 250x385x225 mm<\/div>\n<div>Putere: 1,2 kW<\/div>\n<div>Greutate: 22,1 kg<\/div>\n<div>Tensiune: 220V<\/div>\n","protected":false},"excerpt":{"rendered":"<div>Aparat electric profesional pentru waffle dreptunghiulare belgiene. Dimensiunea unei celule: 100x155x100 mm; Dimensiuni: 250x385x225 mm; Putere: 1,2 kW; Greutate: 22,1 kg; Tensiune: 220V.<\/div>\n","protected":false},"featured_media":24177,"template":"","meta":[],"_links":{"self":[{"href":"https:\/\/evotek.md\/ro\/wp-json\/wp\/v2\/product\/24178"}],"collection":[{"href":"https:\/\/evotek.md\/ro\/wp-json\/wp\/v2\/product"}],"about":[{"href":"https:\/\/evotek.md\/ro\/wp-json\/wp\/v2\/types\/product"}],"wp:featuredmedia":[{"embeddable":true,"href":"https:\/\/evotek.md\/ro\/wp-json\/wp\/v2\/media\/24177"}],"wp:attachment":[{"href":"https:\/\/evotek.md\/ro\/wp-json\/wp\/v2\/media?parent=24178"}],"curies":[{"name":"wp","href":"https:\/\/api.w.org\/{rel}","templated":true}]}}