{"id":24172,"date":"2021-07-14T11:48:01","date_gmt":"2021-07-14T11:51:57","guid":{"rendered":"https:\/\/evotek.md\/?post_type=product&#038;p=24172"},"modified":"2023-03-03T12:01:11","modified_gmt":"2023-03-03T12:01:11","slug":"aparat-pentru-waffle-hwb-2","status":"publish","type":"product","link":"https:\/\/evotek.md\/ro\/produse\/echipamente-pentru-fast-food\/aparate-pentru-vafe\/aparat-pentru-waffle-hwb-2\/","title":{"rendered":"APARAT ELECTRIC PENTRU VAFE, DUBLU, 4 BUCATI (TRIUNGHI) -HWB-2"},"content":{"rendered":"<p><strong>APARAT ELECTRIC PENTRU VAFE, DUBLU, 4 BUCATI (TRIUNGHI) -HWB-2-<\/strong> Aparat profesional pentru vaffe, carcas\u0103 groas\u0103 din inox, materiale fiabile, cur\u0103\u021bare u\u0219oar\u0103, \u00eenc\u0103lzire pe dou\u0103 p\u0103r\u021bi, \u00eenc\u0103lzire uniform\u0103.<\/p>\n<p>Caracteristici<\/p>\n<p>Tensiune: 220V<br \/>\nFrecven\u021b\u0103: 50 Hz<br \/>\nDimensiune: 500x360x270mm<br \/>\nPutere: 2 kW<br \/>\nTemperatura: 50 C &#8211; 300 C<\/p>\n","protected":false},"excerpt":{"rendered":"<p>Aparat profesional pentru vaffe. Tensiune: 220V; Frecven\u021b\u0103: 50 Hz; Dimensiune: 500x360x270mm; Putere: 2 kW; Temperatura: 50 C &#8211; 300 C.<\/p>\n","protected":false},"featured_media":24180,"template":"","meta":[],"_links":{"self":[{"href":"https:\/\/evotek.md\/ro\/wp-json\/wp\/v2\/product\/24172"}],"collection":[{"href":"https:\/\/evotek.md\/ro\/wp-json\/wp\/v2\/product"}],"about":[{"href":"https:\/\/evotek.md\/ro\/wp-json\/wp\/v2\/types\/product"}],"wp:featuredmedia":[{"embeddable":true,"href":"https:\/\/evotek.md\/ro\/wp-json\/wp\/v2\/media\/24180"}],"wp:attachment":[{"href":"https:\/\/evotek.md\/ro\/wp-json\/wp\/v2\/media?parent=24172"}],"curies":[{"name":"wp","href":"https:\/\/api.w.org\/{rel}","templated":true}]}}