{"id":2414,"date":"2020-02-19T08:14:15","date_gmt":"2020-02-19T08:16:03","guid":{"rendered":"https:\/\/evotek.md\/?post_type=product&#038;p=2414"},"modified":"2023-03-03T14:45:03","modified_gmt":"2023-03-03T14:45:03","slug":"masa-frigorifica-pentru-pizza-stalgast-843032","status":"publish","type":"product","link":"https:\/\/evotek.md\/ro\/produse\/echipamente-frigorifice\/masa-frigider-pentru-pizza\/masa-frigorifica-pentru-pizza-stalgast-843032\/","title":{"rendered":"MASA FRIGORIFICA CU BLAT DIN GRANIT SI SALADETA, 3 USI, 308 LITRI -ST-843032"},"content":{"rendered":"<p><strong>MASA FRIGORIFICA CU BLAT DIN GRANIT SI SALADETA, 3 USI, 308 LITRI -ST-843032- <\/strong>Masa pizza 3 usi cu suprafata granit si saladeta.<\/p>\n<p>Caracteristici<br \/>\nBlat de granit<br \/>\nInterior din o\u021bel inoxidabil<br \/>\nDezghetare automata<br \/>\nEvaporarea automat\u0103 a condensului<br \/>\nUsi cu inchidere automata<br \/>\nCamer\u0103 interioar\u0103 \u00een standard GN 1\/1<br \/>\nControl electronic independent al extensiei<br \/>\nInaltimea maxima a containerelor GN h=100<br \/>\nPicioare reglabile<br \/>\nIzola\u021bie din poliuretan: 35 mm<br \/>\nNumar de usi: 3 usi<br \/>\nVolum: 308 l<br \/>\nRegim de temperatur\u0103: +2..+8 \u00b0\u0421<br \/>\nLatime standard: 700 mm<br \/>\nMaterial carcas\u0103: o\u021bel inoxidabil \u0219i granit<br \/>\nTensiune: 220 V<br \/>\nPutere: 0,23 kW<br \/>\nDimensiuni: 1400x700x1450 mm<br \/>\nGreutate: 190 kg<\/p>\n<p>&nbsp;<\/p>\n","protected":false},"excerpt":{"rendered":"<p>Mas\u0103 frigorific\u0103 pentru pizza, cu 3 u\u0219i, cu blat ad\u0103ug\u0103tor \u0219i suprafa\u021ba din granit. Starea temperaturii: +2 &#8230; + 8 \u00b0 \u0421; Tensiune: 220 V; Putere: 0,23 kW; Dimensiuni: 1400x700x1450 mm.<\/p>\n","protected":false},"featured_media":2413,"template":"","meta":[],"_links":{"self":[{"href":"https:\/\/evotek.md\/ro\/wp-json\/wp\/v2\/product\/2414"}],"collection":[{"href":"https:\/\/evotek.md\/ro\/wp-json\/wp\/v2\/product"}],"about":[{"href":"https:\/\/evotek.md\/ro\/wp-json\/wp\/v2\/types\/product"}],"wp:featuredmedia":[{"embeddable":true,"href":"https:\/\/evotek.md\/ro\/wp-json\/wp\/v2\/media\/2413"}],"wp:attachment":[{"href":"https:\/\/evotek.md\/ro\/wp-json\/wp\/v2\/media?parent=2414"}],"curies":[{"name":"wp","href":"https:\/\/api.w.org\/{rel}","templated":true}]}}