{"id":2409,"date":"2020-02-19T08:07:17","date_gmt":"2020-02-19T08:09:00","guid":{"rendered":"https:\/\/evotek.md\/?post_type=product&#038;p=2409"},"modified":"2023-03-03T14:30:56","modified_gmt":"2023-03-03T14:30:56","slug":"masa-frigorifica-pentru-pizza-stalgast-843029","status":"publish","type":"product","link":"https:\/\/evotek.md\/ro\/produse\/echipamente-frigorifice\/masa-frigider-pentru-pizza\/masa-frigorifica-pentru-pizza-stalgast-843029\/","title":{"rendered":"MASA FRIGORIFICA CU BLAT DIN GRANIT SI SALADETA, 2 USI, 240 LITRI -ST-843029"},"content":{"rendered":"<p><strong>MASA FRIGORIFICA CU BLAT DIN GRANIT SI SALADETA, 2 USI, 240 LITRI -ST-843029- <\/strong>echipament de refrigerare profesional, care este cel mai des folosit \u00een buc\u0103t\u0103riile cafenelelor, barurilor \u0219i restaurantelor care servesc pizza oaspe\u021bilor lor. Combina\u021bia dintre o suprafa\u021b\u0103 de lucru confortabil\u0103 \u0219i un frigider \u00een buc\u0103t\u0103rie este principalul avantaj al mesei de pizza, deoarece v\u0103 permite s\u0103 organiza\u021bi c\u00e2t mai corect spa\u021biul de lucru din buc\u0103t\u0103rie \u0219i fluxul de lucru pentru prepararea pizza. Masa de pizza Stalgast 843029 are 2 usi, un blat profesional confortabil de 900 mm lungime, care se pastreaza in permanenta la rece, ceea ce elimina lipirea aluatului si face munca confortabila. Consumul mediu de putere de 0,23 kW cu o conexiune de 220V v\u0103 va permite s\u0103 utiliza\u021bi acest tabel \u00een orice condi\u021bii. Designul universal al mesei de pizza v\u0103 permite s\u0103 echipa\u021bi buc\u0103t\u0103riile mici profesionale cu aceast\u0103 unitate. Masa poate fi folosit\u0103 ca element separat sau \u00eencorporat\u0103 \u00een \u00eentreaga linie de produc\u021bie.<\/p>\n<p>Caracteristici<br \/>\nCalitate excelent\u0103 a carcasei \u0219i a materialelor<span style=\"font-size: 14.4px\">\u00a0(o\u021bel inoxidabil)<\/span><br \/>\nSuprafata de lucru este din granit<br \/>\nPicioare reglabile pentru a optimiza \u00een\u0103l\u021bimea<br \/>\nInterval de reglare a temperaturii: +2..+8\u00b0C<br \/>\nU\u0219\u0103 cu auto\u00eenchidere<br \/>\nEste prev\u0103zut\u0103 o func\u021bie de dezghe\u021bare automat\u0103<br \/>\nNumar de usi: 2 usi<br \/>\nVolum: 240 l<br \/>\nRegim de temperatur\u0103: +2..+8\u00b0C<br \/>\nLatime standard: 700 mm<br \/>\nMaterial carcas\u0103: o\u021bel inoxidabil \u0219i granit<br \/>\nTensiune: 220V<br \/>\nPutere: 0,23 kW<br \/>\nDimensiuni: 900x700x1075 mm<br \/>\nGreutate: 113 kg<\/p>\n","protected":false},"excerpt":{"rendered":"<p>Mas\u0103 pentru pizza cu suprafa\u021b\u0103 de granit cu dou\u0103 rafturi. Starea temperaturii: +2 &#8230; + 8 \u00b0 \u0421; Tensiune: 220 V; Putere: 0,23 kW; Dimensiuni: 900x700x1075 mm. ID: ST 843029<\/p>\n<p>&nbsp;<\/p>\n","protected":false},"featured_media":2408,"template":"","meta":[],"_links":{"self":[{"href":"https:\/\/evotek.md\/ro\/wp-json\/wp\/v2\/product\/2409"}],"collection":[{"href":"https:\/\/evotek.md\/ro\/wp-json\/wp\/v2\/product"}],"about":[{"href":"https:\/\/evotek.md\/ro\/wp-json\/wp\/v2\/types\/product"}],"wp:featuredmedia":[{"embeddable":true,"href":"https:\/\/evotek.md\/ro\/wp-json\/wp\/v2\/media\/2408"}],"wp:attachment":[{"href":"https:\/\/evotek.md\/ro\/wp-json\/wp\/v2\/media?parent=2409"}],"curies":[{"name":"wp","href":"https:\/\/api.w.org\/{rel}","templated":true}]}}