{"id":24077,"date":"2021-07-09T11:07:19","date_gmt":"2021-07-09T11:39:59","guid":{"rendered":"https:\/\/evotek.md\/?post_type=product&#038;p=24077"},"modified":"2021-07-09T11:39:59","modified_gmt":"2021-07-09T11:39:59","slug":"suprafata-de-prajire-electrica-oge6060-art-7864-n1-60603-17","status":"publish","type":"product","link":"https:\/\/evotek.md\/ro\/produse\/echipamente-termice\/suprafete-de-prajire\/suprafata-de-prajire-electrica-oge6060-art-7864-n1-60603-17\/","title":{"rendered":"SUPRAFA\u021a\u0102 DE PR\u0102JIRE ELECTRIC\u0102 -OGE6060 (art. 7864.N1.60603.17)"},"content":{"rendered":"<p><strong>SUPRAFA\u021a\u0102 DE PR\u0102JIRE ELECTRIC\u0102 -OGE6060 (art. 7864.N1.60603.17)<\/strong>&#8211; Suprafa\u021ba electric\u0103 de pr\u0103jire este complet neted\u0103. \u00cempreun\u0103 cu designul ergonomic al tigaiei, asigur\u0103 calitate \u0219i durabilitate. Suprafa\u021ba are o tav\u0103 pentru gr\u0103simi deta\u0219abil\u0103 \u00een partea de jos, \u0219i protec\u021bii \u00eenalte din inox pentru a preveni stropirea uleiului. \u00cempreun\u0103 cu designul ergonomic al suprafe\u021bei, asigur\u0103 o func\u021bionare pl\u0103cut\u0103 \u0219i sigur\u0103. Cu aceast\u0103 suprafa\u021b\u0103, pute\u021bi face la gr\u0103tar o cantitate mare de alimente \u00een acela\u0219i timp.<\/p>\n<p>Caracteristici<\/p>\n<p>Tensiune: 380\/400 V<br \/>\nPutere: 4,5 kW<br \/>\nDimensiuni: 600x600x240mm<\/p>\n<p>&nbsp;<\/p>\n","protected":false},"excerpt":{"rendered":"<p>Suprafa\u021b\u0103 de pr\u0103jre electric\u0103. Tensiune: 380\/400 V; Putere: 4,5 kW; Dimensiuni: 600x600x240mm.<\/p>\n","protected":false},"featured_media":24076,"template":"","meta":[],"_links":{"self":[{"href":"https:\/\/evotek.md\/ro\/wp-json\/wp\/v2\/product\/24077"}],"collection":[{"href":"https:\/\/evotek.md\/ro\/wp-json\/wp\/v2\/product"}],"about":[{"href":"https:\/\/evotek.md\/ro\/wp-json\/wp\/v2\/types\/product"}],"wp:featuredmedia":[{"embeddable":true,"href":"https:\/\/evotek.md\/ro\/wp-json\/wp\/v2\/media\/24076"}],"wp:attachment":[{"href":"https:\/\/evotek.md\/ro\/wp-json\/wp\/v2\/media?parent=24077"}],"curies":[{"name":"wp","href":"https:\/\/api.w.org\/{rel}","templated":true}]}}