{"id":24068,"date":"2021-07-09T08:29:37","date_gmt":"2021-07-09T08:44:02","guid":{"rendered":"https:\/\/evotek.md\/?post_type=product&#038;p=24068"},"modified":"2025-07-14T08:34:54","modified_gmt":"2025-07-14T08:34:54","slug":"suprafata-de-prajire-neteda-55-cm-m-09365163","status":"publish","type":"product","link":"https:\/\/evotek.md\/ro\/produse\/echipamente-termice\/suprafete-de-prajire\/suprafata-de-prajire-neteda-55-cm-m-09365163\/","title":{"rendered":"SUPRAFATA DE PRAJIT ELECTRICA, NETEDA, CROMATA 55 cm -M-09365163"},"content":{"rendered":"<div><strong>SUPRAFATA DE PRAJIT ELECTRICA, NETEDA, CROMATA 55 cm -M-09365163-<\/strong> Suprafa\u021ba electric\u0103 este neted\u0103 din inox de 10 mm, potrivit\u0103 pentru performan\u021be ridicate \u0219i utilizare intensiv\u0103 zilnic\u0103. Suprafa\u021ba neted\u0103 are o distribu\u021bie uniform\u0103 a c\u0103ldurii, astfel \u00eenc\u00e2t m\u00e2ncarea s\u0103 fie g\u0103tit\u0103 uniform. Suprafa\u021ba are o tav\u0103 de picurare deta\u0219abil\u0103 \u00een partea de jos, \u0219i protec\u021bii \u00eenalte din inox pentru a preveni stropirea uleiului. \u00cempreun\u0103 cu designul ergonomic al suprafe\u021bei, acest lucru asigur\u0103 o func\u021bionare pl\u0103cut\u0103 \u0219i sigur\u0103. Cu aceast\u0103 suprafa\u021b\u0103, pute\u021bi face la gr\u0103tar o cantitate mare de alimente \u00een acela\u0219i timp.<\/div>\n<div><\/div>\n<div>Caracteristici<\/div>\n<div>Tip surs\u0103 de alimentare: 230 V<br \/>\nPutere electric\u0103: 3000 W<br \/>\nMaterial tav\u0103: Crom<br \/>\nAcoperire antiaderent\u0103: Nu<br \/>\nSuprafa\u021b\u0103: Neted\u0103<br \/>\nMaterial carcas\u0103: O\u021bel inoxidabil<br \/>\nEchipat cu protec\u021bie ridicat\u0103 \u00eempotriva stropirii<br \/>\nTermostat: de la 50 \u00baC la 300 \u00baC<br \/>\nProtec\u021bie la suprasarcin\u0103<br \/>\nGreutate net\u0103: 24 kg<br \/>\nDimensiuni suprafa\u021b\u0103 de prajire (La\/Ad): 55&#215;35 cm<br \/>\nDimensiuni generale (La\/Ad\/\u00cen): 55,5&#215;47,5&#215;22 cm<br \/>\n\u00cen\u0103l\u021bime: 22 cm<\/div>\n","protected":false},"excerpt":{"rendered":"<div>Suprafa\u021b\u0103 de pr\u0103jire. Tip surs\u0103 de alimentare: 230 V; Putere electric\u0103: 3000 W; Material tav\u0103: Crom; Acoperire antiaderent\u0103: Nu; Suprafa\u021b\u0103: Neted\u0103; Material carcas\u0103: O\u021bel inoxidabil; Echipat cu protec\u021bie ridicat\u0103 \u00eempotriva stropirii; Termostat: de la 50 \u00baC la 300 \u00baC; Protec\u021bie la suprasarcin\u0103; Greutate net\u0103: 24 kg; Dimensiuni suprafa\u021b\u0103 de prajire (La\/Ad): 55&#215;35 cm; Dimensiuni generale (La\/Ad\/\u00cen): 55,5&#215;47,5&#215;22 cm; \u00cen\u0103l\u021bime: 22 cm.<\/div>\n","protected":false},"featured_media":24057,"template":"","meta":[],"_links":{"self":[{"href":"https:\/\/evotek.md\/ro\/wp-json\/wp\/v2\/product\/24068"}],"collection":[{"href":"https:\/\/evotek.md\/ro\/wp-json\/wp\/v2\/product"}],"about":[{"href":"https:\/\/evotek.md\/ro\/wp-json\/wp\/v2\/types\/product"}],"wp:featuredmedia":[{"embeddable":true,"href":"https:\/\/evotek.md\/ro\/wp-json\/wp\/v2\/media\/24057"}],"wp:attachment":[{"href":"https:\/\/evotek.md\/ro\/wp-json\/wp\/v2\/media?parent=24068"}],"curies":[{"name":"wp","href":"https:\/\/api.w.org\/{rel}","templated":true}]}}