{"id":24052,"date":"2021-07-06T15:22:56","date_gmt":"2021-07-06T15:26:22","guid":{"rendered":"https:\/\/evotek.md\/?post_type=product&#038;p=24052"},"modified":"2023-02-23T15:00:26","modified_gmt":"2023-02-23T15:00:26","slug":"remta-kms1","status":"publish","type":"product","link":"https:\/\/evotek.md\/ro\/produse\/echipamente-electromecanice\/storcatoare-electrice\/remta-kms1\/","title":{"rendered":"STORCATOR UNIVERSAL 2 LITRI -REMTA-KMS1"},"content":{"rendered":"<p><strong>STORCATOR UNIVERSAL 2 LITRI -REMTA-KMS1-<\/strong> Storc\u0103torul este conceput pentru a face suc natural din diferite tipuri de fructe \u0219i legume la unit\u0103\u021bile de alimenta\u021bie public\u0103 \u0219i comer\u021b. Modelul este echipat cu un motor puternic \u0219i rapid \u0219i un container pentru de\u0219euri. Carcasa este fabricat\u0103 din inox. Facilit\u0103\u021bi: Tub de alimentare cu diametru mare f\u0103r\u0103 a fi nevoie s\u0103 t\u0103ia\u021bi fructe sau legume; Cur\u0103\u021bare u\u0219oar\u0103; Recipient mare pentru de\u0219euri; Sistem de oprire.<\/p>\n<p>Caracteristici<br \/>\nVolumul containerului: 2 l<br \/>\nUtilizare: universal\u0103<br \/>\nVarietate: electric\u0103, mecanic\u0103<br \/>\nMaterialul corpului: inox, plastic<br \/>\nTensiune: 220 V<br \/>\nPutere: 0,7 kW<br \/>\nParametri: 240x400x530 mm<br \/>\nGreutate: 13 kg<\/p>\n<p>&nbsp;<\/p>\n","protected":false},"excerpt":{"rendered":"<p>Storc\u0103tor cu capacitatea 2 litri. Volumul containerului: 2 l; Utilizare: universal\u0103; Varietate: electric\u0103, mecanic\u0103; Materialul corpului: inox, plastic; Tensiune: 220 V; Putere: 0,7 Kw; Parametri: 240x400x530 mm; Greutate: 13 kg.<\/p>\n","protected":false},"featured_media":24051,"template":"","meta":[],"_links":{"self":[{"href":"https:\/\/evotek.md\/ro\/wp-json\/wp\/v2\/product\/24052"}],"collection":[{"href":"https:\/\/evotek.md\/ro\/wp-json\/wp\/v2\/product"}],"about":[{"href":"https:\/\/evotek.md\/ro\/wp-json\/wp\/v2\/types\/product"}],"wp:featuredmedia":[{"embeddable":true,"href":"https:\/\/evotek.md\/ro\/wp-json\/wp\/v2\/media\/24051"}],"wp:attachment":[{"href":"https:\/\/evotek.md\/ro\/wp-json\/wp\/v2\/media?parent=24052"}],"curies":[{"name":"wp","href":"https:\/\/api.w.org\/{rel}","templated":true}]}}