{"id":24047,"date":"2021-07-05T11:19:38","date_gmt":"2021-07-05T11:22:28","guid":{"rendered":"https:\/\/evotek.md\/?post_type=product&#038;p=24047"},"modified":"2023-02-22T10:42:40","modified_gmt":"2023-02-22T10:42:40","slug":"fierbator-electric-10-l-hkn-hvn10","status":"publish","type":"product","link":"https:\/\/evotek.md\/ro\/produse\/echipamente-termice\/fierbatoare\/fierbator-electric-10-l-hkn-hvn10\/","title":{"rendered":"FIERBATOR ELECTRIC, 10 LITRI -HKN-HVN10"},"content":{"rendered":"<div><strong>FIERBATOR ELECTRIC, 10 LITRI -HKN-HVN10-<\/strong> este utilizat \u00een \u00eentreprinderile de catering \u0219i comer\u021b pentru \u00eenc\u0103lzirea apei \u0219i apoi men\u021binerea temperaturii specificate. Modelul este echipat cu un element de \u00eenc\u0103lzire \u00eenchis, termostat reglabil, indicator de \u00eenc\u0103lzire \u0219i butoane. Carcasa este fabricat\u0103 din inox.<\/div>\n<div><\/div>\n<div>Caracteristici<\/div>\n<div>Tipul acumulativ<\/div>\n<div>Volum: 10 l<\/div>\n<div>Indicator de nivel al apei<\/div>\n<div>Productivitate: 19,4 l \/ h<\/div>\n<div>Tensiune: 220 V<\/div>\n<div>Putere: 2 kW<\/div>\n<div>Parametri: 330x310x420 mm<\/div>\n<div>Greutate; 2,8 kg<\/div>\n<div><\/div>\n<div><\/div>\n","protected":false},"excerpt":{"rendered":"<p>Fierb\u0103tor electric la 10 litri. Tipul acumulativ; Indicator de nivel al apei; Productivitate: 19,4 l \/ h; Tensiune: 220 V; Putere: 2 kW; Parametri: 330x310x420 mm; Greutate; 2,8 kg.<\/p>\n","protected":false},"featured_media":24045,"template":"","meta":[],"_links":{"self":[{"href":"https:\/\/evotek.md\/ro\/wp-json\/wp\/v2\/product\/24047"}],"collection":[{"href":"https:\/\/evotek.md\/ro\/wp-json\/wp\/v2\/product"}],"about":[{"href":"https:\/\/evotek.md\/ro\/wp-json\/wp\/v2\/types\/product"}],"wp:featuredmedia":[{"embeddable":true,"href":"https:\/\/evotek.md\/ro\/wp-json\/wp\/v2\/media\/24045"}],"wp:attachment":[{"href":"https:\/\/evotek.md\/ro\/wp-json\/wp\/v2\/media?parent=24047"}],"curies":[{"name":"wp","href":"https:\/\/api.w.org\/{rel}","templated":true}]}}