{"id":24041,"date":"2021-07-05T11:00:53","date_gmt":"2021-07-05T11:05:22","guid":{"rendered":"https:\/\/evotek.md\/?post_type=product&#038;p=24041"},"modified":"2023-02-22T11:56:50","modified_gmt":"2023-02-22T11:56:50","slug":"st-751105","status":"publish","type":"product","link":"https:\/\/evotek.md\/ro\/produse\/echipamente-termice\/fierbatoare\/st-751105\/","title":{"rendered":"FIERBATOR ELECTRIC, 10 LITRI -ST-751105"},"content":{"rendered":"<div><strong>FIERBATOR ELECTRIC, 10 LITRI -ST-751105-<\/strong> Proiectat pentru \u00eenc\u0103lzirea apei \u0219i men\u021binerea temperaturii specificate, acesta este un cazan electric profesionist, \u00een care pute\u021bi \u00eenc\u0103lzi p\u00e2n\u0103 la 10 litri de ap\u0103. Caracteristici: interval de reglarea termostatului 30 \u00f7 110\u00b0 C; indicator al nivelului apei; termostat de siguran\u021b\u0103; robinet f\u0103r\u0103 pic\u0103turi; inc\u0103lzitor incorporat; destinat \u00eenc\u0103lzirii sau fierberii apei.<\/div>\n<div><\/div>\n<div>Caracteristici<\/div>\n<div><\/div>\n<div>Tensiune: 230 V<\/div>\n<div>Material de execu\u021bie: inox<\/div>\n<div><\/div>\n<div><\/div>\n<div><\/div>\n","protected":false},"excerpt":{"rendered":"<p>Cazan electric cu un singur robinet, 10 litri. Tensiune: 230V; Material: inox.<\/p>\n","protected":false},"featured_media":24040,"template":"","meta":[],"_links":{"self":[{"href":"https:\/\/evotek.md\/ro\/wp-json\/wp\/v2\/product\/24041"}],"collection":[{"href":"https:\/\/evotek.md\/ro\/wp-json\/wp\/v2\/product"}],"about":[{"href":"https:\/\/evotek.md\/ro\/wp-json\/wp\/v2\/types\/product"}],"wp:featuredmedia":[{"embeddable":true,"href":"https:\/\/evotek.md\/ro\/wp-json\/wp\/v2\/media\/24040"}],"wp:attachment":[{"href":"https:\/\/evotek.md\/ro\/wp-json\/wp\/v2\/media?parent=24041"}],"curies":[{"name":"wp","href":"https:\/\/api.w.org\/{rel}","templated":true}]}}