{"id":24029,"date":"2021-07-02T11:44:15","date_gmt":"2021-07-02T11:44:15","guid":{"rendered":"https:\/\/evotek.md\/?post_type=product&#038;p=24029"},"modified":"2021-11-25T11:57:38","modified_gmt":"2021-11-25T11:57:38","slug":"grill-contact-electric-23x22-cm-r72","status":"publish","type":"product","link":"https:\/\/evotek.md\/ro\/produse\/echipamente-termice\/grill-contact-panini-sandwich-2\/grill-contact-electric-23x22-cm-r72\/","title":{"rendered":"GRILL\u00a0CONTACT\u00a0ELECTRIC 23&#215;22 cm -R72"},"content":{"rendered":"<p><strong>GRILL\u00a0<\/strong><strong>CONTACT\u00a0<\/strong><strong>ELECTRIC 23&#215;22 cm -R72- <\/strong>Grill contact electric pentru buc\u0103t\u0103rii industriale (cafenele, restaurante, s\u0103li de festivit\u0103\u021bi, bufete). Facilit\u0103\u021bi: Tip industrial; Poate coace 4 p\u00e2ine pr\u0103jit\u0103 standard \u00een acela\u0219i timp; Ofer\u0103 performan\u021be maxime cu utilizare frecvent\u0103; Carcas\u0103 din inox; Termostat importat automat; M\u00e2nerele din plastic izolate; Ofer\u0103 economii de energie printr-un sistem rapid.<\/p>\n<p>Caracteristici<\/p>\n<p>Num\u0103rul de zone de \u00eenc\u0103lzire 1<br \/>\nStructura suprafe\u021belor este canelat\u0103<br \/>\nDimensiunea suprafe\u021bei de lucru: 230&#215;220 mm<br \/>\nInterval de temperatur\u0103 de la 30 la 300 \u00b0C<br \/>\nTensiune 220 V<br \/>\nPutere 1,2 kW<br \/>\nMaterial de suprafa\u021b\u0103 de pr\u0103jire font\u0103<br \/>\nParametri (l\/d\/\u00ee): 270x370x220 mm<br \/>\nGreutate: 12 kg<\/p>\n","protected":false},"excerpt":{"rendered":"<p>Gril contact electric. Num\u0103rul de zone de \u00eenc\u0103lzire 1; Structura suprafe\u021belor este canelat\u0103; Dimensiunea suprafe\u021bei de lucru: 230&#215;220 mm; Interval de temperatur\u0103 de la 30 la 300 \u00b0C; Tensiune 220 V; Putere 1,2 kW; Material de suprafa\u021b\u0103 de pr\u0103jire font\u0103; Parametri (l\/d\/\u00ee): 270x370x220 mm; Greutate: 12 kg.<\/p>\n","protected":false},"featured_media":24027,"template":"","meta":[],"_links":{"self":[{"href":"https:\/\/evotek.md\/ro\/wp-json\/wp\/v2\/product\/24029"}],"collection":[{"href":"https:\/\/evotek.md\/ro\/wp-json\/wp\/v2\/product"}],"about":[{"href":"https:\/\/evotek.md\/ro\/wp-json\/wp\/v2\/types\/product"}],"wp:featuredmedia":[{"embeddable":true,"href":"https:\/\/evotek.md\/ro\/wp-json\/wp\/v2\/media\/24027"}],"wp:attachment":[{"href":"https:\/\/evotek.md\/ro\/wp-json\/wp\/v2\/media?parent=24029"}],"curies":[{"name":"wp","href":"https:\/\/api.w.org\/{rel}","templated":true}]}}