{"id":24023,"date":"2021-07-02T10:05:19","date_gmt":"2021-07-02T10:15:44","guid":{"rendered":"https:\/\/evotek.md\/?post_type=product&#038;p=24023"},"modified":"2023-02-20T14:32:26","modified_gmt":"2023-02-20T14:32:26","slug":"suprafata-de-prajit-neteda-36-cm-m-09365159","status":"publish","type":"product","link":"https:\/\/evotek.md\/ro\/produse\/echipamente-termice\/suprafete-de-prajire\/suprafata-de-prajit-neteda-36-cm-m-09365159\/","title":{"rendered":"SUPRAFATA DE PRAJIT ELECTRICA, NETEDA -M-09365159"},"content":{"rendered":"<p><strong>SUPRAFATA DE PRAJIT ELECTRICA, NETEDA -M-09365159-<\/strong> Suprafa\u021ba electric\u0103 de pr\u0103jire neted\u0103, din o\u021bel de 8 mm cu o suprafa\u021b\u0103 mat\u0103 \u0219i este potrivit\u0103 pentru o productivitate ridicat\u0103 \u0219i o utilizare intensiv\u0103 zilnic\u0103. Suprafa\u021ba de pr\u0103jit are o distribu\u021bie uniform\u0103 a c\u0103ldurii, astfel \u00eenc\u00e2t bucatele sunt g\u0103tite uniform. Are o tav\u0103 de colectarea gr\u0103similor \u0219i protec\u021bii din inox \u00eempotriva stropirii. Cu aceast\u0103 suprafa\u021b\u0103 de pr\u0103jit, pute\u021bi prepara o cantitate mare de bucate \u00een acela\u0219i timp.<\/p>\n<p>Caracteristici<\/p>\n<p>Greutate net\u0103: 17 kg<br \/>\nDimensiuni: W360 x D450 x H220 mm<br \/>\nPuterea electric\u0103 total\u0103: 2,0 kW<br \/>\nPutere: 230 V \/ 50 Hz \/ 1 faz\u0103 2000 W<\/p>\n","protected":false},"excerpt":{"rendered":"<p>Suprafa\u021b\u0103 de pr\u0103jire neted\u0103 36 cm. Greutate net\u0103: 17 kg; Dimensiuni: W360 x D450 x H220 mm; Puterea electric\u0103 total\u0103: 2,0 kW; Putere: 230 V \/ 50 Hz \/ 1 faz\u0103 2000 W.<\/p>\n","protected":false},"featured_media":24022,"template":"","meta":[],"_links":{"self":[{"href":"https:\/\/evotek.md\/ro\/wp-json\/wp\/v2\/product\/24023"}],"collection":[{"href":"https:\/\/evotek.md\/ro\/wp-json\/wp\/v2\/product"}],"about":[{"href":"https:\/\/evotek.md\/ro\/wp-json\/wp\/v2\/types\/product"}],"wp:featuredmedia":[{"embeddable":true,"href":"https:\/\/evotek.md\/ro\/wp-json\/wp\/v2\/media\/24022"}],"wp:attachment":[{"href":"https:\/\/evotek.md\/ro\/wp-json\/wp\/v2\/media?parent=24023"}],"curies":[{"name":"wp","href":"https:\/\/api.w.org\/{rel}","templated":true}]}}