{"id":24012,"date":"2021-07-02T08:53:13","date_gmt":"2021-07-02T08:53:13","guid":{"rendered":"https:\/\/evotek.md\/?post_type=product&#038;p=24012"},"modified":"2021-07-02T08:53:42","modified_gmt":"2021-07-02T08:53:42","slug":"dulap-frigorific-46-l-hkn-bc46","status":"publish","type":"product","link":"https:\/\/evotek.md\/ro\/produse\/echipamente-frigorifice\/dulapuri-frigorifice\/dulap-frigorific-46-l-hkn-bc46\/","title":{"rendered":"DULAP FRIGORIFIC 46 l -HKN-BC46"},"content":{"rendered":"<p><strong>DULAP FRIGORIFIC 46 l -HKN-BC46-<\/strong> este folosit pentru depozitarea b\u0103uturilor, regimul de temperatur\u0103 al c\u0103rui depozitare este de la 0 la 10 C. Modelul are o structur\u0103 simpl\u0103 \u0219i un design interesant, care v\u0103 permite s\u0103 instala\u021bi dulapul \u00een orice camer\u0103 de dimensiuni \u0219i datorit\u0103 u\u0219ii transparente \u0219i a iluminatului, este posibil s\u0103 demonstreze produsele clien\u021bilor. Termostat mecanic; Usa din sticla 2 picioare reglabile, 2 roti; F\u0103r\u0103 \u00eencuietoare.<\/p>\n<p>Caracteristici<\/p>\n<p>Intervalul de temperatur\u0103: 0-10 \u00b0 \u0421<br \/>\nVolum: 46 l<br \/>\nAgent frigorific: R600a<br \/>\nNivel de zgomot: 39 dB<br \/>\nIluminare din spate: LED<br \/>\nClasa climatic\u0103: 4<br \/>\nPutere: 0,08 kW<br \/>\nGreutate net\u0103: 16 kg<\/p>\n<p>&nbsp;<\/p>\n","protected":false},"excerpt":{"rendered":"<p>Dulap frigorific &#8211; 1 raft. Volum: 46 L; Intervalul de temperatur\u0103: 0-10 \u00b0\u0421; Agent frigorific: R600a; Nivel de zgomot: 39 dB; Iluminare din spate: LED; Clasa climatic\u0103: 4; Putere: 0,08 kW; Greutate net\u0103: 16 kg.<\/p>\n","protected":false},"featured_media":24010,"template":"","meta":[],"_links":{"self":[{"href":"https:\/\/evotek.md\/ro\/wp-json\/wp\/v2\/product\/24012"}],"collection":[{"href":"https:\/\/evotek.md\/ro\/wp-json\/wp\/v2\/product"}],"about":[{"href":"https:\/\/evotek.md\/ro\/wp-json\/wp\/v2\/types\/product"}],"wp:featuredmedia":[{"embeddable":true,"href":"https:\/\/evotek.md\/ro\/wp-json\/wp\/v2\/media\/24010"}],"wp:attachment":[{"href":"https:\/\/evotek.md\/ro\/wp-json\/wp\/v2\/media?parent=24012"}],"curies":[{"name":"wp","href":"https:\/\/api.w.org\/{rel}","templated":true}]}}