{"id":24000,"date":"2021-07-02T08:14:03","date_gmt":"2021-07-02T08:14:03","guid":{"rendered":"https:\/\/evotek.md\/?post_type=product&#038;p=24000"},"modified":"2021-07-05T10:06:35","modified_gmt":"2021-07-05T10:06:35","slug":"aparat-pentru-suberek-16-l-hkn-ef16","status":"publish","type":"product","link":"https:\/\/evotek.md\/ro\/produse\/echipamente-termice\/aparat-pentru-suberek\/aparat-pentru-suberek-16-l-hkn-ef16\/","title":{"rendered":"APARAT PENTRU SUBEREK (CHEBUREK)16 l -HKN-EF16"},"content":{"rendered":"<p><strong>APARAT PENTRU SUBEREK (CHEBUREK) 16 l -HKN-EF16-<\/strong> este destinat prepar\u0103rii unei game largi de feluri de m\u00e2ncare \u00een cantit\u0103\u021bi mari de ulei sau gr\u0103simi la unit\u0103\u021bile de catering \u0219i comer\u021b. Modelul este echipat cu control al temperaturii. Carcasa este din inox.<\/p>\n<p>Caracteristici<br \/>\nInstalare: de mas\u0103<br \/>\nConexiune: 220 V<br \/>\nVolumul total de ulei de pr\u0103jit: 6 l<br \/>\nIntervalul de temperatur\u0103: de la 50 la 190 \u00b0 \u0421<br \/>\nRobinet de scurgere a uleiului<br \/>\nPutere: 3,9 kW<br \/>\nParametri: 730x505x270 mm<br \/>\nGreutate: 10,9 kg<\/p>\n","protected":false},"excerpt":{"rendered":"<p>Aparat pentru suberek 16 l. Instalare de mas\u0103; Conexiune: 220 V; Volumul total de ulei pentru pr\u0103jire: 6 l; Intervalul de temperatur\u0103: de la 50 la 190 \u00b0 \u0421; Robinet de scurgere a uleiului; Putere: 3,9 kW; Parametri: 730x505x270 mm; Greutate: 10,9 kg.<\/p>\n","protected":false},"featured_media":23999,"template":"","meta":[],"_links":{"self":[{"href":"https:\/\/evotek.md\/ro\/wp-json\/wp\/v2\/product\/24000"}],"collection":[{"href":"https:\/\/evotek.md\/ro\/wp-json\/wp\/v2\/product"}],"about":[{"href":"https:\/\/evotek.md\/ro\/wp-json\/wp\/v2\/types\/product"}],"wp:featuredmedia":[{"embeddable":true,"href":"https:\/\/evotek.md\/ro\/wp-json\/wp\/v2\/media\/23999"}],"wp:attachment":[{"href":"https:\/\/evotek.md\/ro\/wp-json\/wp\/v2\/media?parent=24000"}],"curies":[{"name":"wp","href":"https:\/\/api.w.org\/{rel}","templated":true}]}}