{"id":23991,"date":"2021-07-01T14:59:50","date_gmt":"2021-07-01T15:00:46","guid":{"rendered":"https:\/\/evotek.md\/?post_type=product&#038;p=23991"},"modified":"2021-07-13T09:28:46","modified_gmt":"2021-07-13T09:28:46","slug":"blender-410-mm-m-08410115","status":"publish","type":"product","link":"https:\/\/evotek.md\/ro\/produse\/echipamente-electromecanice\/blender-stick\/blender-410-mm-m-08410115\/","title":{"rendered":"BLENDER STICK 410 mm -M-08410115"},"content":{"rendered":"<p><strong>BLENDER STICK 410 mm -M-08410115<\/strong>&#8211; Acest blender cu imersie de 305\u00a0mm este foarte versatil \u0219i indispensabil \u00een orice buc\u0103t\u0103rie. Blenderul vine standard cu o bar\u0103 cu lame de o\u021bel ascu\u021bite. Cu aceste cu\u021bite ascu\u021bite, pute\u021bi reduce dimensiunea alimentelor dvs. rapid \u0219i u\u0219or. Pute\u021bi utiliza, de asemenea, acest accesoriu pentru a face piureuri, cum ar fi m\u00e2ncare pentru bebelu\u0219i, sosuri sau supe. Un alt accesoriu utilizat frecvent este ata\u0219amentul cu dou\u0103 bici mici, care pot fi folosite, printre altele, pentru a bate frisca. Blenderul elegant are un corp din plastic, iar accesoriile sunt fabricate din o\u021bel inoxidabil, deci sunt u\u0219or de cur\u0103\u021bat.<\/p>\n<p>Caracteristici<br \/>\nViteza: 8000 &#8211; 18000 rpm<br \/>\nVolum de procesare: 140 l<br \/>\nBara de ad\u00e2ncime de inser\u021bie: 305 mm<br \/>\nDiametrul piciorului: \u2205 80 mm<br \/>\nGreutate net\u0103: 4,8 kg<br \/>\nDimensiuni dispozitiv: W860 x D255 x H120 mm<br \/>\nPuterea electric\u0103 total\u0103: 0,65 kW<br \/>\nPutere: 230 V \/ 50 Hz \/ 1 faz\u0103 650 W<\/p>\n<p>&nbsp;<\/p>\n","protected":false},"excerpt":{"rendered":"<p>Blender 410 mm. Viteza: 8000 &#8211; 18000 rpm; Volum de procesare: 140 l; Bara de ad\u00e2ncime de inser\u021bie: 305 mm; Diametrul piciorului: \u2205 80 mm; Greutate net\u0103: 4,8 kg; Dimensiuni dispozitiv: W860 x D255 x H120 mm; Puterea electric\u0103 total\u0103: 0,65 kW; Putere: 230 V \/ 50 Hz \/ 1 faz\u0103 650 W.<\/p>\n","protected":false},"featured_media":23980,"template":"","meta":[],"_links":{"self":[{"href":"https:\/\/evotek.md\/ro\/wp-json\/wp\/v2\/product\/23991"}],"collection":[{"href":"https:\/\/evotek.md\/ro\/wp-json\/wp\/v2\/product"}],"about":[{"href":"https:\/\/evotek.md\/ro\/wp-json\/wp\/v2\/types\/product"}],"wp:featuredmedia":[{"embeddable":true,"href":"https:\/\/evotek.md\/ro\/wp-json\/wp\/v2\/media\/23980"}],"wp:attachment":[{"href":"https:\/\/evotek.md\/ro\/wp-json\/wp\/v2\/media?parent=23991"}],"curies":[{"name":"wp","href":"https:\/\/api.w.org\/{rel}","templated":true}]}}