{"id":23971,"date":"2021-07-01T14:46:25","date_gmt":"2021-07-01T14:47:20","guid":{"rendered":"https:\/\/evotek.md\/?post_type=product&#038;p=23971"},"modified":"2021-07-13T09:28:52","modified_gmt":"2021-07-13T09:28:52","slug":"blender-310-mm-m-08410110","status":"publish","type":"product","link":"https:\/\/evotek.md\/ro\/produse\/echipamente-electromecanice\/blender-stick\/blender-310-mm-m-08410110\/","title":{"rendered":"BLENDER STICK 310 mm -M-08410110"},"content":{"rendered":"<p><strong>BLENDER STICK 310 mm -M-08410110<\/strong>&#8211; Acest blender cu imersie de 235 mm este foarte versatil \u0219i indispensabil \u00een orice buc\u0103t\u0103rie. Blenderul vine standard cu o bar\u0103 cu lame de o\u021bel ascu\u021bite. Cu aceste cu\u021bite ascu\u021bite, pute\u021bi reduce dimensiunea alimentelor dvs. rapid \u0219i u\u0219or. Pute\u021bi utiliza, de asemenea, acest accesoriu pentru a face piureuri, cum ar fi m\u00e2ncare pentru bebelu\u0219i, sosuri sau supe. Un alt accesoriu utilizat frecvent este ata\u0219amentul cu dou\u0103 bici mici, care pot fi folosite, printre altele, pentru a bate frisca. Blenderul elegant are un corp din plastic, iar accesoriile sunt fabricate din o\u021bel inoxidabil, deci sunt u\u0219or de cur\u0103\u021bat.<\/p>\n<p>Caracteristici<br \/>\nViteza: 8000 &#8211; 18000 rpm<br \/>\nVolum de procesare: 60 l<br \/>\nBara de ad\u00e2ncime de inser\u021bie: 235 mm<br \/>\nDiametrul piciorului: \u2205 80 mm<br \/>\nGreutate net\u0103: 4,6 kg<br \/>\nDimensiunile dispozitivului: W770 x D255 x H120 mm<br \/>\nPuterea electric\u0103 total\u0103: 0,65 kW<br \/>\nPutere: 230 V \/ 50 Hz \/ 1 faz\u0103 650 W<\/p>\n<p>&nbsp;<\/p>\n","protected":false},"excerpt":{"rendered":"<p>Blender 310 mm. Viteza: 8000 &#8211; 18000 rpm; Volum de procesare: 60 l; Bara de ad\u00e2ncime de inser\u021bie: 235 mm; Diametrul piciorului: \u2205 80 mm; Greutate net\u0103: 4,6 kg; Dimensiunile dispozitivului: W770 x D255 x H120 mm; Puterea electric\u0103 total\u0103: 0,65 kW; Putere: 230 V \/ 50 Hz \/ 1 faz\u0103 650 W.<\/p>\n","protected":false},"featured_media":23962,"template":"","meta":[],"_links":{"self":[{"href":"https:\/\/evotek.md\/ro\/wp-json\/wp\/v2\/product\/23971"}],"collection":[{"href":"https:\/\/evotek.md\/ro\/wp-json\/wp\/v2\/product"}],"about":[{"href":"https:\/\/evotek.md\/ro\/wp-json\/wp\/v2\/types\/product"}],"wp:featuredmedia":[{"embeddable":true,"href":"https:\/\/evotek.md\/ro\/wp-json\/wp\/v2\/media\/23962"}],"wp:attachment":[{"href":"https:\/\/evotek.md\/ro\/wp-json\/wp\/v2\/media?parent=23971"}],"curies":[{"name":"wp","href":"https:\/\/api.w.org\/{rel}","templated":true}]}}