{"id":23955,"date":"2021-07-01T14:31:50","date_gmt":"2021-07-01T14:33:44","guid":{"rendered":"https:\/\/evotek.md\/?post_type=product&#038;p=23955"},"modified":"2023-07-12T13:21:02","modified_gmt":"2023-07-12T13:21:02","slug":"210-mm-m-08410100","status":"publish","type":"product","link":"https:\/\/evotek.md\/ro\/produse\/echipamente-electromecanice\/blender-stick\/210-mm-m-08410100\/","title":{"rendered":"BLENDER STICK 210 mm -M-08410100"},"content":{"rendered":"<p><strong>BLENDER STICK 210 mm -M-08410100<\/strong>&#8211; Acest blender cu imersie de 167 mm este foarte versatil \u0219i indispensabil \u00een orice buc\u0103t\u0103rie. Blenderul vine standard cu o bar\u0103 cu lame de o\u021bel ascu\u021bite. Cu aceste cu\u021bite ascu\u021bite, pute\u021bi reduce dimensiunea alimentelor dvs. rapid \u0219i u\u0219or. Pute\u021bi utiliza, de asemenea, acest accesoriu pentru a face piureuri, cum ar fi m\u00e2ncare pentru bebelu\u0219i, sosuri sau supe. Un alt accesoriu utilizat frecvent este ata\u0219amentul cu dou\u0103 bici mici, care pot fi folosite, printre altele, pentru a bate frisca. Blenderul elegant are un corp din plastic, iar accesoriile sunt fabricate din o\u021bel inoxidabil, deci sunt u\u0219or de cur\u0103\u021bat.<\/p>\n<p>Caracteristici<br \/>\nViteza: 4000 &#8211; 16000 rpm<br \/>\nCapacitate de procesare: 20 L<br \/>\nAd\u00e2ncime de inser\u021bie: 167 mm<br \/>\nDiametrul piciorului: \u2205 80 mm<br \/>\nGreutate net\u0103: 3,8 kg<br \/>\nDimensiuni: L655 x D260 x H100 mm<br \/>\nPutere electrica totala: 0,45 kW<br \/>\nPutere: 230V \/ 50Hz \/ 1 faza 450W<\/p>\n<p>&nbsp;<\/p>\n","protected":false},"excerpt":{"rendered":"<p>Blender 210 mm. Viteza: 4000 &#8211; 16000 rpm; Capacitate de procesare: 20 L; Ad\u00e2ncime de inser\u021bie: 167 mm; Diametrul piciorului: \u2205 80 mm; Greutate net\u0103: 3,8 kg; Dimensiuni: L655 x D260 x H100 mm; Putere electrica totala: 0,45 kW; Putere: 230V \/ 50Hz \/ 1 faza 450W.<\/p>\n","protected":false},"featured_media":33271,"template":"","meta":[],"_links":{"self":[{"href":"https:\/\/evotek.md\/ro\/wp-json\/wp\/v2\/product\/23955"}],"collection":[{"href":"https:\/\/evotek.md\/ro\/wp-json\/wp\/v2\/product"}],"about":[{"href":"https:\/\/evotek.md\/ro\/wp-json\/wp\/v2\/types\/product"}],"wp:featuredmedia":[{"embeddable":true,"href":"https:\/\/evotek.md\/ro\/wp-json\/wp\/v2\/media\/33271"}],"wp:attachment":[{"href":"https:\/\/evotek.md\/ro\/wp-json\/wp\/v2\/media?parent=23955"}],"curies":[{"name":"wp","href":"https:\/\/api.w.org\/{rel}","templated":true}]}}