{"id":23937,"date":"2021-07-01T14:08:58","date_gmt":"2021-07-01T14:11:28","guid":{"rendered":"https:\/\/evotek.md\/?post_type=product&#038;p=23937"},"modified":"2023-02-28T13:47:11","modified_gmt":"2023-02-28T13:47:11","slug":"friteuza-hkn-ft6n","status":"publish","type":"product","link":"https:\/\/evotek.md\/ro\/produse\/echipamente-termice\/friteuze-3\/friteuza-hkn-ft6n\/","title":{"rendered":"FRITEUZA ELECTRICA, 6 LITRI -HKN-FT6N"},"content":{"rendered":"<p><strong>FRITEUZA ELECTRICA, 6 LITRI -HKN-FT6N-<\/strong>\u00a0este proiectat\u0103 pentru prepararea unei game largi de feluri de m\u00e2ncare \u00eentr-o cantitate mare de ulei sau gr\u0103simi la unit\u0103\u021bile de alimenta\u021bie public\u0103 \u0219i comer\u021b. Modelul este echipat cu un sistem de control electromecanic, control al temperaturii \u0219i o zon\u0103 rece. Carcasa este fabricat\u0103 din inox.<\/p>\n<p>Caracteristici<br \/>\nInstalare: de mas\u0103<br \/>\nConexiune: 220 V<br \/>\nVolumul cuvei: 6 l<br \/>\nIntervalul de temperatur\u0103: de la 60 la 190 \u00b0 \u0421<br \/>\nPutere: 2,5 kW<br \/>\nParametri: 160x460x325 mm<br \/>\nGreutate: 4 kg<\/p>\n","protected":false},"excerpt":{"rendered":"<p>Friteuz\u0103 electric\u0103 6 litri. Instalare: de mas\u0103; Conexiune: 220 V; Volumul cuvei: 6 l; Intervalul de temperatur\u0103: de la 60 la 190 \u00b0\u0421; Putere: 2,5 kW; Parametri: 160x460x325 mm; Greutate: 4 kg<\/p>\n","protected":false},"featured_media":23936,"template":"","meta":[],"_links":{"self":[{"href":"https:\/\/evotek.md\/ro\/wp-json\/wp\/v2\/product\/23937"}],"collection":[{"href":"https:\/\/evotek.md\/ro\/wp-json\/wp\/v2\/product"}],"about":[{"href":"https:\/\/evotek.md\/ro\/wp-json\/wp\/v2\/types\/product"}],"wp:featuredmedia":[{"embeddable":true,"href":"https:\/\/evotek.md\/ro\/wp-json\/wp\/v2\/media\/23936"}],"wp:attachment":[{"href":"https:\/\/evotek.md\/ro\/wp-json\/wp\/v2\/media?parent=23937"}],"curies":[{"name":"wp","href":"https:\/\/api.w.org\/{rel}","templated":true}]}}