{"id":23920,"date":"2021-07-01T09:37:21","date_gmt":"2021-07-01T09:37:21","guid":{"rendered":"https:\/\/evotek.md\/?post_type=product&#038;p=23920"},"modified":"2021-07-01T09:39:45","modified_gmt":"2021-07-01T09:39:45","slug":"sous-vide-hkn-sv12","status":"publish","type":"product","link":"https:\/\/evotek.md\/ro\/produse\/echipamente-termice\/sous-vide-2\/sous-vide-hkn-sv12\/","title":{"rendered":"SOUS VIDE -HKN-SV12"},"content":{"rendered":"<p><strong>SOUS VIDE -HKN-SV12-<\/strong> este conceput pentru a prepara o gam\u0103 larg\u0103 de bucate folosind tehnologia Sous Vide la unit\u0103\u021bile de alimenta\u021bie public\u0103 \u0219i comer\u021b. Modelul este echipat cu un panou de control digital cu afi\u0219aj LCD \u0219i o montur\u0103 universal\u0103.<\/p>\n<p>Caracteristici<\/p>\n<p>Volumul de ap\u0103: 6 p\u00e2n\u0103 la 15 litri<br \/>\nInterval de temperatur\u0103: 90 grade \u2103<br \/>\nTensiune: 220 V<br \/>\nPutere: 1,2 kW<br \/>\nParametri: 93x115x396 mm<br \/>\nGreutate: 1,8 kg<br \/>\nViteza pompei: 8 l \/ min.<\/p>\n","protected":false},"excerpt":{"rendered":"<p>Sous-Vide. Volumul de ap\u0103: 6 p\u00e2n\u0103 la 15 litri; Interval de temperatur\u0103: 90 grade \u2103; Tensiune: 220 V; Putere: 1,2 kW; Parametri: 93x115x396 mm; Greutate: 1,8 kg; Viteza pompei: 8 l \/ min.<\/p>\n","protected":false},"featured_media":23919,"template":"","meta":[],"_links":{"self":[{"href":"https:\/\/evotek.md\/ro\/wp-json\/wp\/v2\/product\/23920"}],"collection":[{"href":"https:\/\/evotek.md\/ro\/wp-json\/wp\/v2\/product"}],"about":[{"href":"https:\/\/evotek.md\/ro\/wp-json\/wp\/v2\/types\/product"}],"wp:featuredmedia":[{"embeddable":true,"href":"https:\/\/evotek.md\/ro\/wp-json\/wp\/v2\/media\/23919"}],"wp:attachment":[{"href":"https:\/\/evotek.md\/ro\/wp-json\/wp\/v2\/media?parent=23920"}],"curies":[{"name":"wp","href":"https:\/\/api.w.org\/{rel}","templated":true}]}}